{"id":84,"date":"2023-04-01T22:05:38","date_gmt":"2023-04-01T20:05:38","guid":{"rendered":"https:\/\/dergemmologe.de\/de\/?page_id=84"},"modified":"2023-08-07T22:36:17","modified_gmt":"2023-08-07T20:36:17","slug":"gutachten-zu-farbedelsteinen","status":"publish","type":"page","link":"https:\/\/dergemmologe.de\/de\/gutachten-zu-farbedelsteinen\/","title":{"rendered":"Befundbericht zu Farbedelsteinen"},"content":{"rendered":"\n<p>Nehmen Sie zuallererst schriftlich per E-Mail Kontakt zu mir auf. Auf diesem Wege vereinbare ich mit Ihnen einen ersten pers\u00f6nlichen Termin, den Ortstermin.<br>Optimalerweise findet der Ortstermin und die Sichtung Ihrer Wertgegenst\u00e4nde in meinem gemmologischen Labor in der Schlei\u00dfheimer Stra\u00dfe 82 in 80797\u00a0M\u00fcnchen statt. Alternativ findet der Termin bei Ihnen zu Hause oder einem anderen, erforderlichen Ort statt.<\/p>\n\n\n\n<p>Sollte kein direkter, pers\u00f6nlicher Termin oder Kontakt m\u00f6glich sein, so gelangt Ihr Schmuck auf dem Wege eines versicherten Valorenversandes (wir lassen den Schmuck bei Ihnen abholen) in mein Sachverst\u00e4ndigen-B\u00fcro.<\/p>\n\n\n\n<p>Nachdem ich Ihre Wertgegenst\u00e4nde gesichtet habe, erstelle ich Ihnen einen Kostenvoranschlag f\u00fcr Ihr Gutachten.<\/p>\n\n\n\n<p><strong>Bei den Farbedelsteinen<\/strong> werden auch die sogenannten \u201evier C&#8217;s\u201c bewertet, nur haben diese eine andere Gewichtung wie etwa beim Diamanten.<br>Nimmt man den Diamant als Vergleich, so steht zum Beispiel die Farbe beim Diamant f\u00fcr \u201eHelligkeit\u201c, je farbloser je besser.<\/p>\n\n\n\n<p>Das ist beim Farbedelstein anders, f\u00fcr die S\u00e4ttigung gilt: je mehr je besser, aber dies nat\u00fcrlich nur bis zum Farboptium.<\/p>\n\n\n\n<p>Bei der Reinheit gilt bei Diamanten: je reiner desto besser. Das ist beim Farbedelstein wieder anders, dort ist der Einschluss nicht zwingend negativ zu werten.<br>Er ist wie ein pers\u00f6nlicher Fingerabdruck, mit dem eventuell erkannt werden kann, wo der Stein herkommt.<br>Der Einschluss gilt auch als Nat\u00fcrlichkeitsmerkmal, wenn er \u201eunver\u00e4ndert\u201c ist.<br>Ist der Einschluss ver\u00e4ndert, werden bestimmte Behandlungen \u201esichtbar\u201c, wie z.B. die W\u00e4rmebehandlung.<\/p>\n\n\n\n<p>Der Schliff eines Farbedelsteins wie auch der beim Diamant sollte perfekt sein, denn nur ein perfekter Schliff, gibt die wahre Sch\u00f6nheit, des Edelsteines wieder.<\/p>\n\n\n\n<p>Beim Gewicht gilt das gleiche wie beim Diamanten, je gr\u00f6\u00dfer desto seltener, nat\u00fcrlich nur im Bezug auf die vorherigen drei C&#8217;s.<\/p>\n","protected":false},"excerpt":{"rendered":"<p>Nehmen Sie zuallererst schriftlich per E-Mail Kontakt zu mir auf. Auf diesem Wege vereinbare ich mit Ihnen einen ersten pers\u00f6nlichen Termin, den Ortstermin.Optimalerweise findet der Ortstermin und die Sichtung Ihrer Wertgegenst\u00e4nde in meinem gemmologischen Labor in der Schlei\u00dfheimer Stra\u00dfe 82 in 80797\u00a0M\u00fcnchen statt. Alternativ findet der Termin bei Ihnen zu Hause oder einem anderen, erforderlichen [&hellip;]<\/p>\n","protected":false},"author":1,"featured_media":0,"parent":0,"menu_order":0,"comment_status":"closed","ping_status":"closed","template":"","meta":{"footnotes":""},"yoast_head":"<!-- This site is optimized with the Yoast SEO plugin v23.5 - https:\/\/yoast.com\/wordpress\/plugins\/seo\/ -->\n<title>Befundbericht zu Farbedelsteinen - Gemmologisches Labor<\/title>\n<meta name=\"robots\" content=\"index, follow, max-snippet:-1, max-image-preview:large, max-video-preview:-1\" \/>\n<link rel=\"canonical\" href=\"https:\/\/dergemmologe.de\/de\/gutachten-zu-farbedelsteinen\/\" \/>\n<meta property=\"og:locale\" content=\"de_DE\" \/>\n<meta property=\"og:type\" content=\"article\" \/>\n<meta property=\"og:title\" content=\"Befundbericht zu Farbedelsteinen - Gemmologisches Labor\" \/>\n<meta property=\"og:description\" content=\"Nehmen Sie zuallererst schriftlich per E-Mail Kontakt zu mir auf. Auf diesem Wege vereinbare ich mit Ihnen einen ersten pers\u00f6nlichen Termin, den Ortstermin.Optimalerweise findet der Ortstermin und die Sichtung Ihrer Wertgegenst\u00e4nde in meinem gemmologischen Labor in der Schlei\u00dfheimer Stra\u00dfe 82 in 80797\u00a0M\u00fcnchen statt. Alternativ findet der Termin bei Ihnen zu Hause oder einem anderen, erforderlichen [&hellip;]\" \/>\n<meta property=\"og:url\" content=\"https:\/\/dergemmologe.de\/de\/gutachten-zu-farbedelsteinen\/\" \/>\n<meta property=\"og:site_name\" content=\"Gemmologisches Labor\" \/>\n<meta property=\"article:modified_time\" content=\"2023-08-07T20:36:17+00:00\" \/>\n<meta name=\"twitter:card\" content=\"summary_large_image\" \/>\n<meta name=\"twitter:label1\" content=\"Gesch\u00e4tzte Lesezeit\" \/>\n\t<meta name=\"twitter:data1\" content=\"2 Minuten\" \/>\n<script type=\"application\/ld+json\" class=\"yoast-schema-graph\">{\"@context\":\"https:\/\/schema.org\",\"@graph\":[{\"@type\":\"WebPage\",\"@id\":\"https:\/\/dergemmologe.de\/de\/gutachten-zu-farbedelsteinen\/\",\"url\":\"https:\/\/dergemmologe.de\/de\/gutachten-zu-farbedelsteinen\/\",\"name\":\"Befundbericht zu Farbedelsteinen - Gemmologisches Labor\",\"isPartOf\":{\"@id\":\"https:\/\/dergemmologe.de\/de\/#website\"},\"datePublished\":\"2023-04-01T20:05:38+00:00\",\"dateModified\":\"2023-08-07T20:36:17+00:00\",\"inLanguage\":\"de-DE\",\"potentialAction\":[{\"@type\":\"ReadAction\",\"target\":[\"https:\/\/dergemmologe.de\/de\/gutachten-zu-farbedelsteinen\/\"]}]},{\"@type\":\"WebSite\",\"@id\":\"https:\/\/dergemmologe.de\/de\/#website\",\"url\":\"https:\/\/dergemmologe.de\/de\/\",\"name\":\"Gemmologisches Labor\",\"description\":\"Timo Laatsch - Gemmologisches Labor\",\"potentialAction\":[{\"@type\":\"SearchAction\",\"target\":{\"@type\":\"EntryPoint\",\"urlTemplate\":\"https:\/\/dergemmologe.de\/de\/?s={search_term_string}\"},\"query-input\":{\"@type\":\"PropertyValueSpecification\",\"valueRequired\":true,\"valueName\":\"search_term_string\"}}],\"inLanguage\":\"de-DE\"}]}<\/script>\n<!-- \/ Yoast SEO plugin. -->","yoast_head_json":{"title":"Befundbericht zu Farbedelsteinen - Gemmologisches Labor","robots":{"index":"index","follow":"follow","max-snippet":"max-snippet:-1","max-image-preview":"max-image-preview:large","max-video-preview":"max-video-preview:-1"},"canonical":"https:\/\/dergemmologe.de\/de\/gutachten-zu-farbedelsteinen\/","og_locale":"de_DE","og_type":"article","og_title":"Befundbericht zu Farbedelsteinen - Gemmologisches Labor","og_description":"Nehmen Sie zuallererst schriftlich per E-Mail Kontakt zu mir auf. Auf diesem Wege vereinbare ich mit Ihnen einen ersten pers\u00f6nlichen Termin, den Ortstermin.Optimalerweise findet der Ortstermin und die Sichtung Ihrer Wertgegenst\u00e4nde in meinem gemmologischen Labor in der Schlei\u00dfheimer Stra\u00dfe 82 in 80797\u00a0M\u00fcnchen statt. Alternativ findet der Termin bei Ihnen zu Hause oder einem anderen, erforderlichen [&hellip;]","og_url":"https:\/\/dergemmologe.de\/de\/gutachten-zu-farbedelsteinen\/","og_site_name":"Gemmologisches Labor","article_modified_time":"2023-08-07T20:36:17+00:00","twitter_card":"summary_large_image","twitter_misc":{"Gesch\u00e4tzte Lesezeit":"2 Minuten"},"schema":{"@context":"https:\/\/schema.org","@graph":[{"@type":"WebPage","@id":"https:\/\/dergemmologe.de\/de\/gutachten-zu-farbedelsteinen\/","url":"https:\/\/dergemmologe.de\/de\/gutachten-zu-farbedelsteinen\/","name":"Befundbericht zu Farbedelsteinen - Gemmologisches Labor","isPartOf":{"@id":"https:\/\/dergemmologe.de\/de\/#website"},"datePublished":"2023-04-01T20:05:38+00:00","dateModified":"2023-08-07T20:36:17+00:00","inLanguage":"de-DE","potentialAction":[{"@type":"ReadAction","target":["https:\/\/dergemmologe.de\/de\/gutachten-zu-farbedelsteinen\/"]}]},{"@type":"WebSite","@id":"https:\/\/dergemmologe.de\/de\/#website","url":"https:\/\/dergemmologe.de\/de\/","name":"Gemmologisches Labor","description":"Timo Laatsch - Gemmologisches Labor","potentialAction":[{"@type":"SearchAction","target":{"@type":"EntryPoint","urlTemplate":"https:\/\/dergemmologe.de\/de\/?s={search_term_string}"},"query-input":{"@type":"PropertyValueSpecification","valueRequired":true,"valueName":"search_term_string"}}],"inLanguage":"de-DE"}]}},"_links":{"self":[{"href":"https:\/\/dergemmologe.de\/de\/wp-json\/wp\/v2\/pages\/84"}],"collection":[{"href":"https:\/\/dergemmologe.de\/de\/wp-json\/wp\/v2\/pages"}],"about":[{"href":"https:\/\/dergemmologe.de\/de\/wp-json\/wp\/v2\/types\/page"}],"author":[{"embeddable":true,"href":"https:\/\/dergemmologe.de\/de\/wp-json\/wp\/v2\/users\/1"}],"replies":[{"embeddable":true,"href":"https:\/\/dergemmologe.de\/de\/wp-json\/wp\/v2\/comments?post=84"}],"version-history":[{"count":9,"href":"https:\/\/dergemmologe.de\/de\/wp-json\/wp\/v2\/pages\/84\/revisions"}],"predecessor-version":[{"id":675,"href":"https:\/\/dergemmologe.de\/de\/wp-json\/wp\/v2\/pages\/84\/revisions\/675"}],"wp:attachment":[{"href":"https:\/\/dergemmologe.de\/de\/wp-json\/wp\/v2\/media?parent=84"}],"curies":[{"name":"wp","href":"https:\/\/api.w.org\/{rel}","templated":true}]}}