{"id":82,"date":"2023-04-01T22:05:13","date_gmt":"2023-04-01T20:05:13","guid":{"rendered":"https:\/\/dergemmologe.de\/de\/?page_id=82"},"modified":"2023-08-07T22:35:46","modified_gmt":"2023-08-07T20:35:46","slug":"gutachten-zu-diamanten","status":"publish","type":"page","link":"https:\/\/dergemmologe.de\/de\/gutachten-zu-diamanten\/","title":{"rendered":"Befundbericht zu Diamanten"},"content":{"rendered":"\n<p>Nehmen Sie zuallererst schriftlich per E-Mail Kontakt zu mir auf. Auf diesem Wege vereinbare ich mit Ihnen einen ersten pers\u00f6nlichen Termin, den Ortstermin.<br>Optimalerweise findet der Ortstermin und die Sichtung Ihrer Wertgegenst\u00e4nde in meinem gemmologischen Labor in der Schlei\u00dfheimer Stra\u00dfe 82 in 80797\u00a0M\u00fcnchen statt. Alternativ findet der Termin bei Ihnen zu Hause oder einem anderen, erforderlichen Ort statt.<\/p>\n\n\n\n<p>Sollte kein direkter, pers\u00f6nlicher Termin oder Kontakt m\u00f6glich sein, so gelangt Ihr Schmuck auf dem Wege eines versicherten Valorenversandes (ich lasse den Schmuck bei Ihnen abholen) in mein gemmologisches Labor.<\/p>\n\n\n\n<p>Nachdem ich Ihre Wertgegenst\u00e4nde gesichtet habe, erstelle ich Ihnen einen Kostenvoranschlag f\u00fcr Ihr Gutachten.<\/p>\n\n\n\n<p>Ich klassifiziere f\u00fcr Sie Ihre Diamanten nach den vier C&#8217;s: Colour (Farbe), Clarity (Reinheit), Cut (Schliff) und Carat (Gewicht).<\/p>\n\n\n\n<p><strong>Die Echtheit Ihrer Diamanten <\/strong>wird mit verschiedenen Pr\u00fcfmethoden bestimmt. Bei den Untersuchungen in meinem Pr\u00fcflabor entlarve ich jede Synthese oder Imitation.<br>Das oft angesprochene Thema Diamantsynthese stellt mit den heutigen Pr\u00fcfger\u00e4ten bzw. angewandten Methoden kein Problem zur Identifizierung dar.<br><br><strong>Kurze Erkl\u00e4rung zu den Begriffen, die h\u00e4ufig f\u00fcr Verwirrung sorgen:<\/strong><br><br><strong>Echter Diamant<\/strong>: von der Natur hergestellt, reiner Kohlenstoff, H\u00e4rte 10, Lichtbrechung 2,417, Dichte 3,52g\/cm<br><strong>Synthetischer Diamant<\/strong>: von Menschenhand hergestellt, reiner Kohlenstoff, H\u00e4rte 10, Lichtbrechung 2,417, Dichte 3,52g\/cm<br><strong>Imitationen die sich als Diamanten ausgeben k\u00f6nnen: <\/strong>Cubic Zirkonia, Moissanit, YAG, GG, Glas usw.<\/p>\n\n\n\n<p><br><\/p>\n","protected":false},"excerpt":{"rendered":"<p>Nehmen Sie zuallererst schriftlich per E-Mail Kontakt zu mir auf. Auf diesem Wege vereinbare ich mit Ihnen einen ersten pers\u00f6nlichen Termin, den Ortstermin.Optimalerweise findet der Ortstermin und die Sichtung Ihrer Wertgegenst\u00e4nde in meinem gemmologischen Labor in der Schlei\u00dfheimer Stra\u00dfe 82 in 80797\u00a0M\u00fcnchen statt. Alternativ findet der Termin bei Ihnen zu Hause oder einem anderen, erforderlichen [&hellip;]<\/p>\n","protected":false},"author":1,"featured_media":0,"parent":0,"menu_order":0,"comment_status":"closed","ping_status":"closed","template":"","meta":{"footnotes":""},"yoast_head":"<!-- This site is optimized with the Yoast SEO plugin v23.5 - https:\/\/yoast.com\/wordpress\/plugins\/seo\/ -->\n<title>Befundbericht zu Diamanten - Gemmologisches Labor<\/title>\n<meta name=\"robots\" content=\"index, follow, max-snippet:-1, max-image-preview:large, max-video-preview:-1\" \/>\n<link rel=\"canonical\" href=\"https:\/\/dergemmologe.de\/de\/gutachten-zu-diamanten\/\" \/>\n<meta property=\"og:locale\" content=\"de_DE\" \/>\n<meta property=\"og:type\" content=\"article\" \/>\n<meta property=\"og:title\" content=\"Befundbericht zu Diamanten - Gemmologisches Labor\" \/>\n<meta property=\"og:description\" content=\"Nehmen Sie zuallererst schriftlich per E-Mail Kontakt zu mir auf. Auf diesem Wege vereinbare ich mit Ihnen einen ersten pers\u00f6nlichen Termin, den Ortstermin.Optimalerweise findet der Ortstermin und die Sichtung Ihrer Wertgegenst\u00e4nde in meinem gemmologischen Labor in der Schlei\u00dfheimer Stra\u00dfe 82 in 80797\u00a0M\u00fcnchen statt. Alternativ findet der Termin bei Ihnen zu Hause oder einem anderen, erforderlichen [&hellip;]\" \/>\n<meta property=\"og:url\" content=\"https:\/\/dergemmologe.de\/de\/gutachten-zu-diamanten\/\" \/>\n<meta property=\"og:site_name\" content=\"Gemmologisches Labor\" \/>\n<meta property=\"article:modified_time\" content=\"2023-08-07T20:35:46+00:00\" \/>\n<meta name=\"twitter:card\" content=\"summary_large_image\" \/>\n<meta name=\"twitter:label1\" content=\"Gesch\u00e4tzte Lesezeit\" \/>\n\t<meta name=\"twitter:data1\" content=\"2 Minuten\" \/>\n<script type=\"application\/ld+json\" class=\"yoast-schema-graph\">{\"@context\":\"https:\/\/schema.org\",\"@graph\":[{\"@type\":\"WebPage\",\"@id\":\"https:\/\/dergemmologe.de\/de\/gutachten-zu-diamanten\/\",\"url\":\"https:\/\/dergemmologe.de\/de\/gutachten-zu-diamanten\/\",\"name\":\"Befundbericht zu Diamanten - Gemmologisches Labor\",\"isPartOf\":{\"@id\":\"https:\/\/dergemmologe.de\/de\/#website\"},\"datePublished\":\"2023-04-01T20:05:13+00:00\",\"dateModified\":\"2023-08-07T20:35:46+00:00\",\"inLanguage\":\"de-DE\",\"potentialAction\":[{\"@type\":\"ReadAction\",\"target\":[\"https:\/\/dergemmologe.de\/de\/gutachten-zu-diamanten\/\"]}]},{\"@type\":\"WebSite\",\"@id\":\"https:\/\/dergemmologe.de\/de\/#website\",\"url\":\"https:\/\/dergemmologe.de\/de\/\",\"name\":\"Gemmologisches Labor\",\"description\":\"Timo Laatsch - Gemmologisches Labor\",\"potentialAction\":[{\"@type\":\"SearchAction\",\"target\":{\"@type\":\"EntryPoint\",\"urlTemplate\":\"https:\/\/dergemmologe.de\/de\/?s={search_term_string}\"},\"query-input\":{\"@type\":\"PropertyValueSpecification\",\"valueRequired\":true,\"valueName\":\"search_term_string\"}}],\"inLanguage\":\"de-DE\"}]}<\/script>\n<!-- \/ Yoast SEO plugin. -->","yoast_head_json":{"title":"Befundbericht zu Diamanten - Gemmologisches Labor","robots":{"index":"index","follow":"follow","max-snippet":"max-snippet:-1","max-image-preview":"max-image-preview:large","max-video-preview":"max-video-preview:-1"},"canonical":"https:\/\/dergemmologe.de\/de\/gutachten-zu-diamanten\/","og_locale":"de_DE","og_type":"article","og_title":"Befundbericht zu Diamanten - Gemmologisches Labor","og_description":"Nehmen Sie zuallererst schriftlich per E-Mail Kontakt zu mir auf. Auf diesem Wege vereinbare ich mit Ihnen einen ersten pers\u00f6nlichen Termin, den Ortstermin.Optimalerweise findet der Ortstermin und die Sichtung Ihrer Wertgegenst\u00e4nde in meinem gemmologischen Labor in der Schlei\u00dfheimer Stra\u00dfe 82 in 80797\u00a0M\u00fcnchen statt. Alternativ findet der Termin bei Ihnen zu Hause oder einem anderen, erforderlichen [&hellip;]","og_url":"https:\/\/dergemmologe.de\/de\/gutachten-zu-diamanten\/","og_site_name":"Gemmologisches Labor","article_modified_time":"2023-08-07T20:35:46+00:00","twitter_card":"summary_large_image","twitter_misc":{"Gesch\u00e4tzte Lesezeit":"2 Minuten"},"schema":{"@context":"https:\/\/schema.org","@graph":[{"@type":"WebPage","@id":"https:\/\/dergemmologe.de\/de\/gutachten-zu-diamanten\/","url":"https:\/\/dergemmologe.de\/de\/gutachten-zu-diamanten\/","name":"Befundbericht zu Diamanten - Gemmologisches Labor","isPartOf":{"@id":"https:\/\/dergemmologe.de\/de\/#website"},"datePublished":"2023-04-01T20:05:13+00:00","dateModified":"2023-08-07T20:35:46+00:00","inLanguage":"de-DE","potentialAction":[{"@type":"ReadAction","target":["https:\/\/dergemmologe.de\/de\/gutachten-zu-diamanten\/"]}]},{"@type":"WebSite","@id":"https:\/\/dergemmologe.de\/de\/#website","url":"https:\/\/dergemmologe.de\/de\/","name":"Gemmologisches Labor","description":"Timo Laatsch - Gemmologisches Labor","potentialAction":[{"@type":"SearchAction","target":{"@type":"EntryPoint","urlTemplate":"https:\/\/dergemmologe.de\/de\/?s={search_term_string}"},"query-input":{"@type":"PropertyValueSpecification","valueRequired":true,"valueName":"search_term_string"}}],"inLanguage":"de-DE"}]}},"_links":{"self":[{"href":"https:\/\/dergemmologe.de\/de\/wp-json\/wp\/v2\/pages\/82"}],"collection":[{"href":"https:\/\/dergemmologe.de\/de\/wp-json\/wp\/v2\/pages"}],"about":[{"href":"https:\/\/dergemmologe.de\/de\/wp-json\/wp\/v2\/types\/page"}],"author":[{"embeddable":true,"href":"https:\/\/dergemmologe.de\/de\/wp-json\/wp\/v2\/users\/1"}],"replies":[{"embeddable":true,"href":"https:\/\/dergemmologe.de\/de\/wp-json\/wp\/v2\/comments?post=82"}],"version-history":[{"count":12,"href":"https:\/\/dergemmologe.de\/de\/wp-json\/wp\/v2\/pages\/82\/revisions"}],"predecessor-version":[{"id":674,"href":"https:\/\/dergemmologe.de\/de\/wp-json\/wp\/v2\/pages\/82\/revisions\/674"}],"wp:attachment":[{"href":"https:\/\/dergemmologe.de\/de\/wp-json\/wp\/v2\/media?parent=82"}],"curies":[{"name":"wp","href":"https:\/\/api.w.org\/{rel}","templated":true}]}}