{"id":80,"date":"2023-04-01T22:04:39","date_gmt":"2023-04-01T20:04:39","guid":{"rendered":"https:\/\/dergemmologe.de\/de\/?page_id=80"},"modified":"2023-08-07T22:39:55","modified_gmt":"2023-08-07T20:39:55","slug":"expertise-zu-schmuck","status":"publish","type":"page","link":"https:\/\/dergemmologe.de\/de\/expertise-zu-schmuck\/","title":{"rendered":"Expertise zu Schmuck"},"content":{"rendered":"\n<p>Nehmen Sie zuallererst schriftlich per E-Mail Kontakt zu mir auf. Auf diesem Wege vereinbare ich mit Ihnen einen ersten pers\u00f6nlichen Termin, den Ortstermin.<br>Optimalerweise findet der Ortstermin und die Sichtung Ihrer Wertgegenst\u00e4nde in meinem gemmologischen Labor in der Schlei\u00dfheimer Stra\u00dfe 82 in 80797&nbsp;M\u00fcnchen statt. Alternativ findet der Termin bei Ihnen zu Hause oder einem anderen, erforderlichen Ort statt.<\/p>\n\n\n\n<p>Sollte kein direkter, pers\u00f6nlicher Termin oder Kontakt m\u00f6glich sein, so gelangt Ihr Schmuck auf dem Wege eines versicherten Valorenversandes (ich lasse den Schmuck bei Ihnen abholen) in mein gemmologisches Labor.<\/p>\n\n\n\n<p>Nachdem ich Ihre Wertgegenst\u00e4nde gesichtet habe, erstelle ich Ihnen einen Kostenvoranschlag f\u00fcr Ihr Schmuckgutachten.<\/p>\n\n\n\n<p>Gemeinsam konkretisieren wir den Auftrag \u00fcber das zu erstellende Gutachten oder Befundbericht. Wir erfassen eine klare Formulierung des Auftrages an mich als Ihr Schmuckgutachter in Bezug auf die zu\u00a0ermittelnde Wertart\u00a0(z. B. Wiederbeschaffungswert) und dem sp\u00e4teren\u00a0Verwendungszweck. Danach erfolgt die Auftragserteilung durch Sie bzw. die Auftragsannahme durch mich durch den Abschluss eines Gutachtenvertrages. Selbstverst\u00e4ndlich wird die \u00dcbernahme Ihrer Wertgegenst\u00e4nde in meine Obhut genauestens dokumentiert und quittiert. Nach der Zahlung des gesetzlich vorgeschriebenen Kostenvorschusses f\u00fcr Sachverst\u00e4ndige durch Sie (m\u00f6glich in bar, per EC-Zahlung \u00fcber Terminal, per Vorab-\u00dcberweisung \u00e0 Konto) (die Regelung erfolgt in Anlehnung an das JVEG = Justiz-Verg\u00fctungs-und Entsch\u00e4digungsgesetz) beginne ich mit meiner sachverst\u00e4ndigen Bearbeitung Ihres Schmuck-Gutachtenauftrages. Ihr fertiges Dokument erhalten Sie zum vereinbarten Termin als manipulationssicher geheftetes Schriftst\u00fcck versehen mit dem offiziellen Rundstempel des Labors. Bei der Abholung des Gutachtens wird die R\u00fcckgabe der Wertgegenst\u00e4nde durch einen R\u00fcckgabebeleg dokumentiert und quittiert und der Rest des Gutachterhonorars bezahlt.<br>Alternativ erfolgt die R\u00fccksendung Ihres Gutachtens gemeinsam mit Ihrem begutachteten Schmuck per Nachnahme. Unser Versand versendet ausschlie\u00dflich versichert (Valorenversand).<\/p>\n\n\n\n<p><br><br><br><\/p>\n","protected":false},"excerpt":{"rendered":"<p>Nehmen Sie zuallererst schriftlich per E-Mail Kontakt zu mir auf. Auf diesem Wege vereinbare ich mit Ihnen einen ersten pers\u00f6nlichen Termin, den Ortstermin.Optimalerweise findet der Ortstermin und die Sichtung Ihrer Wertgegenst\u00e4nde in meinem gemmologischen Labor in der Schlei\u00dfheimer Stra\u00dfe 82 in 80797&nbsp;M\u00fcnchen statt. Alternativ findet der Termin bei Ihnen zu Hause oder einem anderen, erforderlichen [&hellip;]<\/p>\n","protected":false},"author":1,"featured_media":0,"parent":0,"menu_order":0,"comment_status":"closed","ping_status":"closed","template":"","meta":{"footnotes":""},"yoast_head":"<!-- This site is optimized with the Yoast SEO plugin v23.5 - https:\/\/yoast.com\/wordpress\/plugins\/seo\/ -->\n<title>Expertise zu Schmuck - Gemmologisches Labor<\/title>\n<meta name=\"robots\" content=\"index, follow, max-snippet:-1, max-image-preview:large, max-video-preview:-1\" \/>\n<link rel=\"canonical\" href=\"https:\/\/dergemmologe.de\/de\/expertise-zu-schmuck\/\" \/>\n<meta property=\"og:locale\" content=\"de_DE\" \/>\n<meta property=\"og:type\" content=\"article\" \/>\n<meta property=\"og:title\" content=\"Expertise zu Schmuck - Gemmologisches Labor\" \/>\n<meta property=\"og:description\" content=\"Nehmen Sie zuallererst schriftlich per E-Mail Kontakt zu mir auf. Auf diesem Wege vereinbare ich mit Ihnen einen ersten pers\u00f6nlichen Termin, den Ortstermin.Optimalerweise findet der Ortstermin und die Sichtung Ihrer Wertgegenst\u00e4nde in meinem gemmologischen Labor in der Schlei\u00dfheimer Stra\u00dfe 82 in 80797&nbsp;M\u00fcnchen statt. Alternativ findet der Termin bei Ihnen zu Hause oder einem anderen, erforderlichen [&hellip;]\" \/>\n<meta property=\"og:url\" content=\"https:\/\/dergemmologe.de\/de\/expertise-zu-schmuck\/\" \/>\n<meta property=\"og:site_name\" content=\"Gemmologisches Labor\" \/>\n<meta property=\"article:modified_time\" content=\"2023-08-07T20:39:55+00:00\" \/>\n<meta name=\"twitter:card\" content=\"summary_large_image\" \/>\n<meta name=\"twitter:label1\" content=\"Gesch\u00e4tzte Lesezeit\" \/>\n\t<meta name=\"twitter:data1\" content=\"2 Minuten\" \/>\n<script type=\"application\/ld+json\" class=\"yoast-schema-graph\">{\"@context\":\"https:\/\/schema.org\",\"@graph\":[{\"@type\":\"WebPage\",\"@id\":\"https:\/\/dergemmologe.de\/de\/expertise-zu-schmuck\/\",\"url\":\"https:\/\/dergemmologe.de\/de\/expertise-zu-schmuck\/\",\"name\":\"Expertise zu Schmuck - Gemmologisches Labor\",\"isPartOf\":{\"@id\":\"https:\/\/dergemmologe.de\/de\/#website\"},\"datePublished\":\"2023-04-01T20:04:39+00:00\",\"dateModified\":\"2023-08-07T20:39:55+00:00\",\"inLanguage\":\"de-DE\",\"potentialAction\":[{\"@type\":\"ReadAction\",\"target\":[\"https:\/\/dergemmologe.de\/de\/expertise-zu-schmuck\/\"]}]},{\"@type\":\"WebSite\",\"@id\":\"https:\/\/dergemmologe.de\/de\/#website\",\"url\":\"https:\/\/dergemmologe.de\/de\/\",\"name\":\"Gemmologisches Labor\",\"description\":\"Timo Laatsch - Gemmologisches Labor\",\"potentialAction\":[{\"@type\":\"SearchAction\",\"target\":{\"@type\":\"EntryPoint\",\"urlTemplate\":\"https:\/\/dergemmologe.de\/de\/?s={search_term_string}\"},\"query-input\":{\"@type\":\"PropertyValueSpecification\",\"valueRequired\":true,\"valueName\":\"search_term_string\"}}],\"inLanguage\":\"de-DE\"}]}<\/script>\n<!-- \/ Yoast SEO plugin. -->","yoast_head_json":{"title":"Expertise zu Schmuck - Gemmologisches Labor","robots":{"index":"index","follow":"follow","max-snippet":"max-snippet:-1","max-image-preview":"max-image-preview:large","max-video-preview":"max-video-preview:-1"},"canonical":"https:\/\/dergemmologe.de\/de\/expertise-zu-schmuck\/","og_locale":"de_DE","og_type":"article","og_title":"Expertise zu Schmuck - Gemmologisches Labor","og_description":"Nehmen Sie zuallererst schriftlich per E-Mail Kontakt zu mir auf. Auf diesem Wege vereinbare ich mit Ihnen einen ersten pers\u00f6nlichen Termin, den Ortstermin.Optimalerweise findet der Ortstermin und die Sichtung Ihrer Wertgegenst\u00e4nde in meinem gemmologischen Labor in der Schlei\u00dfheimer Stra\u00dfe 82 in 80797&nbsp;M\u00fcnchen statt. Alternativ findet der Termin bei Ihnen zu Hause oder einem anderen, erforderlichen [&hellip;]","og_url":"https:\/\/dergemmologe.de\/de\/expertise-zu-schmuck\/","og_site_name":"Gemmologisches Labor","article_modified_time":"2023-08-07T20:39:55+00:00","twitter_card":"summary_large_image","twitter_misc":{"Gesch\u00e4tzte Lesezeit":"2 Minuten"},"schema":{"@context":"https:\/\/schema.org","@graph":[{"@type":"WebPage","@id":"https:\/\/dergemmologe.de\/de\/expertise-zu-schmuck\/","url":"https:\/\/dergemmologe.de\/de\/expertise-zu-schmuck\/","name":"Expertise zu Schmuck - Gemmologisches Labor","isPartOf":{"@id":"https:\/\/dergemmologe.de\/de\/#website"},"datePublished":"2023-04-01T20:04:39+00:00","dateModified":"2023-08-07T20:39:55+00:00","inLanguage":"de-DE","potentialAction":[{"@type":"ReadAction","target":["https:\/\/dergemmologe.de\/de\/expertise-zu-schmuck\/"]}]},{"@type":"WebSite","@id":"https:\/\/dergemmologe.de\/de\/#website","url":"https:\/\/dergemmologe.de\/de\/","name":"Gemmologisches Labor","description":"Timo Laatsch - Gemmologisches Labor","potentialAction":[{"@type":"SearchAction","target":{"@type":"EntryPoint","urlTemplate":"https:\/\/dergemmologe.de\/de\/?s={search_term_string}"},"query-input":{"@type":"PropertyValueSpecification","valueRequired":true,"valueName":"search_term_string"}}],"inLanguage":"de-DE"}]}},"_links":{"self":[{"href":"https:\/\/dergemmologe.de\/de\/wp-json\/wp\/v2\/pages\/80"}],"collection":[{"href":"https:\/\/dergemmologe.de\/de\/wp-json\/wp\/v2\/pages"}],"about":[{"href":"https:\/\/dergemmologe.de\/de\/wp-json\/wp\/v2\/types\/page"}],"author":[{"embeddable":true,"href":"https:\/\/dergemmologe.de\/de\/wp-json\/wp\/v2\/users\/1"}],"replies":[{"embeddable":true,"href":"https:\/\/dergemmologe.de\/de\/wp-json\/wp\/v2\/comments?post=80"}],"version-history":[{"count":11,"href":"https:\/\/dergemmologe.de\/de\/wp-json\/wp\/v2\/pages\/80\/revisions"}],"predecessor-version":[{"id":679,"href":"https:\/\/dergemmologe.de\/de\/wp-json\/wp\/v2\/pages\/80\/revisions\/679"}],"wp:attachment":[{"href":"https:\/\/dergemmologe.de\/de\/wp-json\/wp\/v2\/media?parent=80"}],"curies":[{"name":"wp","href":"https:\/\/api.w.org\/{rel}","templated":true}]}}