{"id":68,"date":"2023-04-01T22:01:52","date_gmt":"2023-04-01T20:01:52","guid":{"rendered":"https:\/\/dergemmologe.de\/de\/?page_id=68"},"modified":"2023-04-14T00:44:30","modified_gmt":"2023-04-13T22:44:30","slug":"rubin","status":"publish","type":"page","link":"https:\/\/dergemmologe.de\/de\/rubin\/","title":{"rendered":"Rubin"},"content":{"rendered":"\n<p>Als <strong>Rubin<\/strong> (lateinisch <em>Rubinus<\/em>) bezeichnet man die rote Variet\u00e4t des Minerals Korund. Die rote Verf\u00e4rbung ist auf geringe Beimengungen von Chrom zur\u00fcckzuf\u00fchren.<\/p>\n\n\n\n<div class=\"wp-block-columns is-layout-flex wp-container-core-columns-layout-1 wp-block-columns-is-layout-flex\">\n<div class=\"wp-block-column is-vertically-aligned-center has-border-color has-ti-bg-alt-border-color has-ti-bg-alt-background-color has-background is-layout-flow wp-block-column-is-layout-flow\" style=\"border-style:solid;padding-top:var(--wp--preset--spacing--70);padding-right:var(--wp--preset--spacing--70);padding-bottom:var(--wp--preset--spacing--70);padding-left:var(--wp--preset--spacing--70)\">\n<figure class=\"wp-block-image aligncenter size-full is-resized\"><a href=\"https:\/\/dergemmologe.de\/de\/wp-content\/uploads\/sites\/2\/2023\/04\/diamond-158431__340-5.webp\"><img loading=\"lazy\" decoding=\"async\" src=\"https:\/\/dergemmologe.de\/de\/wp-content\/uploads\/sites\/2\/2023\/04\/diamond-158431__340-5.webp\" alt=\"\" class=\"wp-image-200\" width=\"115\" height=\"72\" srcset=\"https:\/\/dergemmologe.de\/de\/wp-content\/uploads\/sites\/2\/2023\/04\/diamond-158431__340-5.webp 541w, https:\/\/dergemmologe.de\/de\/wp-content\/uploads\/sites\/2\/2023\/04\/diamond-158431__340-5-300x189.webp 300w\" sizes=\"(max-width: 115px) 100vw, 115px\" \/><\/a><\/figure>\n\n\n\n<figure class=\"wp-block-table\"><table style=\"border-style:none;border-width:0px\"><tbody><tr><td>Farbe:<\/td><td class=\"has-text-align-right\" data-align=\"right\">gr\u00fcn<\/td><\/tr><tr><td>Reinheit:<\/td><td class=\"has-text-align-right\" data-align=\"right\">augenrein<\/td><\/tr><tr><td>Schliff:<\/td><td class=\"has-text-align-right\" data-align=\"right\">excellent<\/td><\/tr><tr><td>Herkunft:<\/td><td class=\"has-text-align-right\" data-align=\"right\">Brasilien<\/td><\/tr><tr><td>Karat:<\/td><td class=\"has-text-align-right\" data-align=\"right\">23<\/td><\/tr><tr><td>Ma\u00dfe:<\/td><td class=\"has-text-align-right\" data-align=\"right\">14,1 x 15,3 x 13,7<\/td><\/tr><tr><td>Preis:<\/td><td class=\"has-text-align-right\" data-align=\"right\">5599 EUR<\/td><\/tr><\/tbody><\/table><\/figure>\n<\/div>\n\n\n\n<div class=\"wp-block-column is-vertically-aligned-center has-border-color has-ti-bg-alt-border-color has-ti-bg-alt-background-color has-background is-layout-flow wp-block-column-is-layout-flow\" style=\"border-style:solid;padding-top:var(--wp--preset--spacing--70);padding-right:var(--wp--preset--spacing--70);padding-bottom:var(--wp--preset--spacing--70);padding-left:var(--wp--preset--spacing--70)\">\n<figure class=\"wp-block-image aligncenter size-full is-resized\"><img loading=\"lazy\" decoding=\"async\" src=\"https:\/\/dergemmologe.de\/de\/wp-content\/uploads\/sites\/2\/2023\/04\/diamond-158431__340-5.webp\" alt=\"\" class=\"wp-image-200\" width=\"115\" height=\"72\" srcset=\"https:\/\/dergemmologe.de\/de\/wp-content\/uploads\/sites\/2\/2023\/04\/diamond-158431__340-5.webp 541w, https:\/\/dergemmologe.de\/de\/wp-content\/uploads\/sites\/2\/2023\/04\/diamond-158431__340-5-300x189.webp 300w\" sizes=\"(max-width: 115px) 100vw, 115px\" \/><\/figure>\n\n\n\n<figure class=\"wp-block-table\"><table style=\"border-style:none;border-width:0px\"><tbody><tr><td>Farbe:<\/td><td class=\"has-text-align-right\" data-align=\"right\">gr\u00fcn<\/td><\/tr><tr><td>Reinheit:<\/td><td class=\"has-text-align-right\" data-align=\"right\">augenrein<\/td><\/tr><tr><td>Schliff:<\/td><td class=\"has-text-align-right\" data-align=\"right\">excellent<\/td><\/tr><tr><td>Herkunft:<\/td><td class=\"has-text-align-right\" data-align=\"right\">Brasilien<\/td><\/tr><tr><td>Karat:<\/td><td class=\"has-text-align-right\" data-align=\"right\">23<\/td><\/tr><tr><td>Ma\u00dfe:<\/td><td class=\"has-text-align-right\" data-align=\"right\">14,1 x 15,3 x 13,7<\/td><\/tr><tr><td>Preis:<\/td><td class=\"has-text-align-right\" data-align=\"right\">5599 EUR<\/td><\/tr><\/tbody><\/table><\/figure>\n<\/div>\n\n\n\n<div class=\"wp-block-column is-vertically-aligned-center has-border-color has-ti-bg-alt-border-color has-ti-bg-alt-background-color has-background is-layout-flow wp-block-column-is-layout-flow\" style=\"border-style:solid;padding-top:var(--wp--preset--spacing--70);padding-right:var(--wp--preset--spacing--70);padding-bottom:var(--wp--preset--spacing--70);padding-left:var(--wp--preset--spacing--70)\">\n<figure class=\"wp-block-image aligncenter size-full is-resized\"><img loading=\"lazy\" decoding=\"async\" src=\"https:\/\/dergemmologe.de\/de\/wp-content\/uploads\/sites\/2\/2023\/04\/diamond-158431__340-5.webp\" alt=\"\" class=\"wp-image-200\" width=\"115\" height=\"72\" srcset=\"https:\/\/dergemmologe.de\/de\/wp-content\/uploads\/sites\/2\/2023\/04\/diamond-158431__340-5.webp 541w, https:\/\/dergemmologe.de\/de\/wp-content\/uploads\/sites\/2\/2023\/04\/diamond-158431__340-5-300x189.webp 300w\" sizes=\"(max-width: 115px) 100vw, 115px\" \/><\/figure>\n\n\n\n<figure class=\"wp-block-table\"><table style=\"border-style:none;border-width:0px\"><tbody><tr><td>Farbe:<\/td><td class=\"has-text-align-right\" data-align=\"right\">gr\u00fcn<\/td><\/tr><tr><td>Reinheit:<\/td><td class=\"has-text-align-right\" data-align=\"right\">augenrein<\/td><\/tr><tr><td>Schliff:<\/td><td class=\"has-text-align-right\" data-align=\"right\">excellent<\/td><\/tr><tr><td>Herkunft:<\/td><td class=\"has-text-align-right\" data-align=\"right\">Brasilien<\/td><\/tr><tr><td>Karat:<\/td><td class=\"has-text-align-right\" data-align=\"right\">23<\/td><\/tr><tr><td>Ma\u00dfe:<\/td><td class=\"has-text-align-right\" data-align=\"right\">14,1 x 15,3 x 13,7<\/td><\/tr><tr><td>Preis:<\/td><td class=\"has-text-align-right\" data-align=\"right\">5599 EUR<\/td><\/tr><\/tbody><\/table><\/figure>\n<\/div>\n<\/div>\n\n\n\n<div class=\"wp-block-columns is-layout-flex wp-container-core-columns-layout-2 wp-block-columns-is-layout-flex\">\n<div class=\"wp-block-column is-vertically-aligned-center has-border-color has-ti-bg-alt-border-color has-ti-bg-alt-background-color has-background is-layout-flow wp-block-column-is-layout-flow\" style=\"border-style:solid;padding-top:var(--wp--preset--spacing--70);padding-right:var(--wp--preset--spacing--70);padding-bottom:var(--wp--preset--spacing--70);padding-left:var(--wp--preset--spacing--70)\">\n<figure class=\"wp-block-image aligncenter size-full is-resized\"><a href=\"https:\/\/dergemmologe.de\/de\/wp-content\/uploads\/sites\/2\/2023\/04\/diamond-158431__340-5.webp\"><img loading=\"lazy\" decoding=\"async\" src=\"https:\/\/dergemmologe.de\/de\/wp-content\/uploads\/sites\/2\/2023\/04\/diamond-158431__340-5.webp\" alt=\"\" class=\"wp-image-200\" width=\"115\" height=\"72\" srcset=\"https:\/\/dergemmologe.de\/de\/wp-content\/uploads\/sites\/2\/2023\/04\/diamond-158431__340-5.webp 541w, https:\/\/dergemmologe.de\/de\/wp-content\/uploads\/sites\/2\/2023\/04\/diamond-158431__340-5-300x189.webp 300w\" sizes=\"(max-width: 115px) 100vw, 115px\" \/><\/a><\/figure>\n\n\n\n<figure class=\"wp-block-table\"><table style=\"border-style:none;border-width:0px\"><tbody><tr><td>Farbe:<\/td><td class=\"has-text-align-right\" data-align=\"right\">gr\u00fcn<\/td><\/tr><tr><td>Reinheit:<\/td><td class=\"has-text-align-right\" data-align=\"right\">augenrein<\/td><\/tr><tr><td>Schliff:<\/td><td class=\"has-text-align-right\" data-align=\"right\">excellent<\/td><\/tr><tr><td>Herkunft:<\/td><td class=\"has-text-align-right\" data-align=\"right\">Brasilien<\/td><\/tr><tr><td>Karat:<\/td><td class=\"has-text-align-right\" data-align=\"right\">23<\/td><\/tr><tr><td>Ma\u00dfe:<\/td><td class=\"has-text-align-right\" data-align=\"right\">14,1 x 15,3 x 13,7<\/td><\/tr><tr><td>Preis:<\/td><td class=\"has-text-align-right\" data-align=\"right\">5599 EUR<\/td><\/tr><\/tbody><\/table><\/figure>\n<\/div>\n\n\n\n<div class=\"wp-block-column is-vertically-aligned-center has-border-color has-ti-bg-alt-border-color has-ti-bg-alt-background-color has-background is-layout-flow wp-block-column-is-layout-flow\" style=\"border-style:solid;padding-top:var(--wp--preset--spacing--70);padding-right:var(--wp--preset--spacing--70);padding-bottom:var(--wp--preset--spacing--70);padding-left:var(--wp--preset--spacing--70)\">\n<figure class=\"wp-block-image aligncenter size-full is-resized\"><img loading=\"lazy\" decoding=\"async\" src=\"https:\/\/dergemmologe.de\/de\/wp-content\/uploads\/sites\/2\/2023\/04\/diamond-158431__340-5.webp\" alt=\"\" class=\"wp-image-200\" width=\"115\" height=\"72\" srcset=\"https:\/\/dergemmologe.de\/de\/wp-content\/uploads\/sites\/2\/2023\/04\/diamond-158431__340-5.webp 541w, https:\/\/dergemmologe.de\/de\/wp-content\/uploads\/sites\/2\/2023\/04\/diamond-158431__340-5-300x189.webp 300w\" sizes=\"(max-width: 115px) 100vw, 115px\" \/><\/figure>\n\n\n\n<figure class=\"wp-block-table\"><table style=\"border-style:none;border-width:0px\"><tbody><tr><td>Farbe:<\/td><td class=\"has-text-align-right\" data-align=\"right\">gr\u00fcn<\/td><\/tr><tr><td>Reinheit:<\/td><td class=\"has-text-align-right\" data-align=\"right\">augenrein<\/td><\/tr><tr><td>Schliff:<\/td><td class=\"has-text-align-right\" data-align=\"right\">excellent<\/td><\/tr><tr><td>Herkunft:<\/td><td class=\"has-text-align-right\" data-align=\"right\">Brasilien<\/td><\/tr><tr><td>Karat:<\/td><td class=\"has-text-align-right\" data-align=\"right\">23<\/td><\/tr><tr><td>Ma\u00dfe:<\/td><td class=\"has-text-align-right\" data-align=\"right\">14,1 x 15,3 x 13,7<\/td><\/tr><tr><td>Preis:<\/td><td class=\"has-text-align-right\" data-align=\"right\">5599 EUR<\/td><\/tr><\/tbody><\/table><\/figure>\n<\/div>\n\n\n\n<div class=\"wp-block-column is-vertically-aligned-center has-border-color has-ti-bg-alt-border-color has-ti-bg-alt-background-color has-background is-layout-flow wp-block-column-is-layout-flow\" style=\"border-style:solid;padding-top:var(--wp--preset--spacing--70);padding-right:var(--wp--preset--spacing--70);padding-bottom:var(--wp--preset--spacing--70);padding-left:var(--wp--preset--spacing--70)\">\n<figure class=\"wp-block-image aligncenter size-full is-resized\"><img loading=\"lazy\" decoding=\"async\" src=\"https:\/\/dergemmologe.de\/de\/wp-content\/uploads\/sites\/2\/2023\/04\/diamond-158431__340-5.webp\" alt=\"\" class=\"wp-image-200\" width=\"115\" height=\"72\" srcset=\"https:\/\/dergemmologe.de\/de\/wp-content\/uploads\/sites\/2\/2023\/04\/diamond-158431__340-5.webp 541w, https:\/\/dergemmologe.de\/de\/wp-content\/uploads\/sites\/2\/2023\/04\/diamond-158431__340-5-300x189.webp 300w\" sizes=\"(max-width: 115px) 100vw, 115px\" \/><\/figure>\n\n\n\n<figure class=\"wp-block-table\"><table style=\"border-style:none;border-width:0px\"><tbody><tr><td>Farbe:<\/td><td class=\"has-text-align-right\" data-align=\"right\">gr\u00fcn<\/td><\/tr><tr><td>Reinheit:<\/td><td class=\"has-text-align-right\" data-align=\"right\">augenrein<\/td><\/tr><tr><td>Schliff:<\/td><td class=\"has-text-align-right\" data-align=\"right\">excellent<\/td><\/tr><tr><td>Herkunft:<\/td><td class=\"has-text-align-right\" data-align=\"right\">Brasilien<\/td><\/tr><tr><td>Karat:<\/td><td class=\"has-text-align-right\" data-align=\"right\">23<\/td><\/tr><tr><td>Ma\u00dfe:<\/td><td class=\"has-text-align-right\" data-align=\"right\">14,1 x 15,3 x 13,7<\/td><\/tr><tr><td>Preis:<\/td><td class=\"has-text-align-right\" data-align=\"right\">5599 EUR<\/td><\/tr><\/tbody><\/table><\/figure>\n<\/div>\n<\/div>\n","protected":false},"excerpt":{"rendered":"<p>Als Rubin (lateinisch Rubinus) bezeichnet man die rote Variet\u00e4t des Minerals Korund. Die rote Verf\u00e4rbung ist auf geringe Beimengungen von Chrom zur\u00fcckzuf\u00fchren. Farbe: gr\u00fcn Reinheit: augenrein Schliff: excellent Herkunft: Brasilien Karat: 23 Ma\u00dfe: 14,1 x 15,3 x 13,7 Preis: 5599 EUR Farbe: gr\u00fcn Reinheit: augenrein Schliff: excellent Herkunft: Brasilien Karat: 23 Ma\u00dfe: 14,1 x 15,3 [&hellip;]<\/p>\n","protected":false},"author":1,"featured_media":0,"parent":0,"menu_order":0,"comment_status":"closed","ping_status":"closed","template":"","meta":{"footnotes":""},"yoast_head":"<!-- This site is optimized with the Yoast SEO plugin v23.5 - https:\/\/yoast.com\/wordpress\/plugins\/seo\/ -->\n<title>Rubin - Gemmologisches Labor<\/title>\n<meta name=\"robots\" content=\"index, follow, max-snippet:-1, max-image-preview:large, max-video-preview:-1\" \/>\n<link rel=\"canonical\" href=\"https:\/\/dergemmologe.de\/de\/rubin\/\" \/>\n<meta property=\"og:locale\" content=\"de_DE\" \/>\n<meta property=\"og:type\" content=\"article\" \/>\n<meta property=\"og:title\" content=\"Rubin - Gemmologisches Labor\" \/>\n<meta property=\"og:description\" content=\"Als Rubin (lateinisch Rubinus) bezeichnet man die rote Variet\u00e4t des Minerals Korund. Die rote Verf\u00e4rbung ist auf geringe Beimengungen von Chrom zur\u00fcckzuf\u00fchren. Farbe: gr\u00fcn Reinheit: augenrein Schliff: excellent Herkunft: Brasilien Karat: 23 Ma\u00dfe: 14,1 x 15,3 x 13,7 Preis: 5599 EUR Farbe: gr\u00fcn Reinheit: augenrein Schliff: excellent Herkunft: Brasilien Karat: 23 Ma\u00dfe: 14,1 x 15,3 [&hellip;]\" \/>\n<meta property=\"og:url\" content=\"https:\/\/dergemmologe.de\/de\/rubin\/\" \/>\n<meta property=\"og:site_name\" content=\"Gemmologisches Labor\" \/>\n<meta property=\"article:modified_time\" content=\"2023-04-13T22:44:30+00:00\" \/>\n<meta property=\"og:image\" content=\"https:\/\/dergemmologe.de\/de\/wp-content\/uploads\/sites\/2\/2023\/04\/diamond-158431__340-5.webp\" \/>\n<meta name=\"twitter:card\" content=\"summary_large_image\" \/>\n<meta name=\"twitter:label1\" content=\"Gesch\u00e4tzte Lesezeit\" \/>\n\t<meta name=\"twitter:data1\" content=\"2 Minuten\" \/>\n<script type=\"application\/ld+json\" class=\"yoast-schema-graph\">{\"@context\":\"https:\/\/schema.org\",\"@graph\":[{\"@type\":\"WebPage\",\"@id\":\"https:\/\/dergemmologe.de\/de\/rubin\/\",\"url\":\"https:\/\/dergemmologe.de\/de\/rubin\/\",\"name\":\"Rubin - Gemmologisches Labor\",\"isPartOf\":{\"@id\":\"https:\/\/dergemmologe.de\/de\/#website\"},\"primaryImageOfPage\":{\"@id\":\"https:\/\/dergemmologe.de\/de\/rubin\/#primaryimage\"},\"image\":{\"@id\":\"https:\/\/dergemmologe.de\/de\/rubin\/#primaryimage\"},\"thumbnailUrl\":\"https:\/\/dergemmologe.de\/de\/wp-content\/uploads\/sites\/2\/2023\/04\/diamond-158431__340-5.webp\",\"datePublished\":\"2023-04-01T20:01:52+00:00\",\"dateModified\":\"2023-04-13T22:44:30+00:00\",\"inLanguage\":\"de-DE\",\"potentialAction\":[{\"@type\":\"ReadAction\",\"target\":[\"https:\/\/dergemmologe.de\/de\/rubin\/\"]}]},{\"@type\":\"ImageObject\",\"inLanguage\":\"de-DE\",\"@id\":\"https:\/\/dergemmologe.de\/de\/rubin\/#primaryimage\",\"url\":\"https:\/\/dergemmologe.de\/de\/wp-content\/uploads\/sites\/2\/2023\/04\/diamond-158431__340-5.webp\",\"contentUrl\":\"https:\/\/dergemmologe.de\/de\/wp-content\/uploads\/sites\/2\/2023\/04\/diamond-158431__340-5.webp\"},{\"@type\":\"WebSite\",\"@id\":\"https:\/\/dergemmologe.de\/de\/#website\",\"url\":\"https:\/\/dergemmologe.de\/de\/\",\"name\":\"Gemmologisches Labor\",\"description\":\"Timo Laatsch - Gemmologisches Labor\",\"potentialAction\":[{\"@type\":\"SearchAction\",\"target\":{\"@type\":\"EntryPoint\",\"urlTemplate\":\"https:\/\/dergemmologe.de\/de\/?s={search_term_string}\"},\"query-input\":{\"@type\":\"PropertyValueSpecification\",\"valueRequired\":true,\"valueName\":\"search_term_string\"}}],\"inLanguage\":\"de-DE\"}]}<\/script>\n<!-- \/ Yoast SEO plugin. -->","yoast_head_json":{"title":"Rubin - Gemmologisches Labor","robots":{"index":"index","follow":"follow","max-snippet":"max-snippet:-1","max-image-preview":"max-image-preview:large","max-video-preview":"max-video-preview:-1"},"canonical":"https:\/\/dergemmologe.de\/de\/rubin\/","og_locale":"de_DE","og_type":"article","og_title":"Rubin - Gemmologisches Labor","og_description":"Als Rubin (lateinisch Rubinus) bezeichnet man die rote Variet\u00e4t des Minerals Korund. Die rote Verf\u00e4rbung ist auf geringe Beimengungen von Chrom zur\u00fcckzuf\u00fchren. Farbe: gr\u00fcn Reinheit: augenrein Schliff: excellent Herkunft: Brasilien Karat: 23 Ma\u00dfe: 14,1 x 15,3 x 13,7 Preis: 5599 EUR Farbe: gr\u00fcn Reinheit: augenrein Schliff: excellent Herkunft: Brasilien Karat: 23 Ma\u00dfe: 14,1 x 15,3 [&hellip;]","og_url":"https:\/\/dergemmologe.de\/de\/rubin\/","og_site_name":"Gemmologisches Labor","article_modified_time":"2023-04-13T22:44:30+00:00","og_image":[{"url":"https:\/\/dergemmologe.de\/de\/wp-content\/uploads\/sites\/2\/2023\/04\/diamond-158431__340-5.webp"}],"twitter_card":"summary_large_image","twitter_misc":{"Gesch\u00e4tzte Lesezeit":"2 Minuten"},"schema":{"@context":"https:\/\/schema.org","@graph":[{"@type":"WebPage","@id":"https:\/\/dergemmologe.de\/de\/rubin\/","url":"https:\/\/dergemmologe.de\/de\/rubin\/","name":"Rubin - Gemmologisches Labor","isPartOf":{"@id":"https:\/\/dergemmologe.de\/de\/#website"},"primaryImageOfPage":{"@id":"https:\/\/dergemmologe.de\/de\/rubin\/#primaryimage"},"image":{"@id":"https:\/\/dergemmologe.de\/de\/rubin\/#primaryimage"},"thumbnailUrl":"https:\/\/dergemmologe.de\/de\/wp-content\/uploads\/sites\/2\/2023\/04\/diamond-158431__340-5.webp","datePublished":"2023-04-01T20:01:52+00:00","dateModified":"2023-04-13T22:44:30+00:00","inLanguage":"de-DE","potentialAction":[{"@type":"ReadAction","target":["https:\/\/dergemmologe.de\/de\/rubin\/"]}]},{"@type":"ImageObject","inLanguage":"de-DE","@id":"https:\/\/dergemmologe.de\/de\/rubin\/#primaryimage","url":"https:\/\/dergemmologe.de\/de\/wp-content\/uploads\/sites\/2\/2023\/04\/diamond-158431__340-5.webp","contentUrl":"https:\/\/dergemmologe.de\/de\/wp-content\/uploads\/sites\/2\/2023\/04\/diamond-158431__340-5.webp"},{"@type":"WebSite","@id":"https:\/\/dergemmologe.de\/de\/#website","url":"https:\/\/dergemmologe.de\/de\/","name":"Gemmologisches Labor","description":"Timo Laatsch - Gemmologisches Labor","potentialAction":[{"@type":"SearchAction","target":{"@type":"EntryPoint","urlTemplate":"https:\/\/dergemmologe.de\/de\/?s={search_term_string}"},"query-input":{"@type":"PropertyValueSpecification","valueRequired":true,"valueName":"search_term_string"}}],"inLanguage":"de-DE"}]}},"_links":{"self":[{"href":"https:\/\/dergemmologe.de\/de\/wp-json\/wp\/v2\/pages\/68"}],"collection":[{"href":"https:\/\/dergemmologe.de\/de\/wp-json\/wp\/v2\/pages"}],"about":[{"href":"https:\/\/dergemmologe.de\/de\/wp-json\/wp\/v2\/types\/page"}],"author":[{"embeddable":true,"href":"https:\/\/dergemmologe.de\/de\/wp-json\/wp\/v2\/users\/1"}],"replies":[{"embeddable":true,"href":"https:\/\/dergemmologe.de\/de\/wp-json\/wp\/v2\/comments?post=68"}],"version-history":[{"count":8,"href":"https:\/\/dergemmologe.de\/de\/wp-json\/wp\/v2\/pages\/68\/revisions"}],"predecessor-version":[{"id":392,"href":"https:\/\/dergemmologe.de\/de\/wp-json\/wp\/v2\/pages\/68\/revisions\/392"}],"wp:attachment":[{"href":"https:\/\/dergemmologe.de\/de\/wp-json\/wp\/v2\/media?parent=68"}],"curies":[{"name":"wp","href":"https:\/\/api.w.org\/{rel}","templated":true}]}}