{"id":66,"date":"2023-04-01T22:01:19","date_gmt":"2023-04-01T20:01:19","guid":{"rendered":"https:\/\/dergemmologe.de\/de\/?page_id=66"},"modified":"2023-04-14T00:11:22","modified_gmt":"2023-04-13T22:11:22","slug":"smaragd","status":"publish","type":"page","link":"https:\/\/dergemmologe.de\/de\/smaragd\/","title":{"rendered":"Smaragd"},"content":{"rendered":"\n<p><strong>Smaragd<\/strong>\u00a0ist eine dunkel- bis hellgr\u00fcne\u00a0Variet\u00e4t\u00a0des\u00a0Silikat-Minerals\u00a0Beryll. Die Farbe von Smaragd, deren Variationsbreite von einem dunklen Blaugr\u00fcn bis zu einem hellen Gelbgr\u00fcn reicht, wird durch geringe\u00a0Fremdbeimengungen\u00a0von\u00a0Chrom- und\u00a0Vanadium-Ionen verursacht.<\/p>\n\n\n\n<div class=\"wp-block-columns is-layout-flex wp-container-core-columns-layout-1 wp-block-columns-is-layout-flex\">\n<div class=\"wp-block-column is-vertically-aligned-center has-border-color has-ti-bg-alt-border-color has-ti-bg-alt-background-color has-background is-layout-flow wp-block-column-is-layout-flow\" style=\"border-style:solid;padding-top:var(--wp--preset--spacing--70);padding-right:var(--wp--preset--spacing--70);padding-bottom:var(--wp--preset--spacing--70);padding-left:var(--wp--preset--spacing--70)\">\n<figure class=\"wp-block-image aligncenter size-full is-resized\"><a href=\"https:\/\/dergemmologe.de\/de\/wp-content\/uploads\/sites\/2\/2023\/04\/diamond-158431__340-5.webp\"><img loading=\"lazy\" decoding=\"async\" src=\"https:\/\/dergemmologe.de\/de\/wp-content\/uploads\/sites\/2\/2023\/04\/diamond-158431__340-5.webp\" alt=\"\" class=\"wp-image-200\" width=\"115\" height=\"72\" srcset=\"https:\/\/dergemmologe.de\/de\/wp-content\/uploads\/sites\/2\/2023\/04\/diamond-158431__340-5.webp 541w, https:\/\/dergemmologe.de\/de\/wp-content\/uploads\/sites\/2\/2023\/04\/diamond-158431__340-5-300x189.webp 300w\" sizes=\"(max-width: 115px) 100vw, 115px\" \/><\/a><\/figure>\n\n\n\n<figure class=\"wp-block-table\"><table style=\"border-style:none;border-width:0px\"><tbody><tr><td>Farbe:<\/td><td class=\"has-text-align-right\" data-align=\"right\">gr\u00fcn<\/td><\/tr><tr><td>Reinheit:<\/td><td class=\"has-text-align-right\" data-align=\"right\">augenrein<\/td><\/tr><tr><td>Schliff:<\/td><td class=\"has-text-align-right\" data-align=\"right\">excellent<\/td><\/tr><tr><td>Herkunft:<\/td><td class=\"has-text-align-right\" data-align=\"right\">Brasilien<\/td><\/tr><tr><td>Karat:<\/td><td class=\"has-text-align-right\" data-align=\"right\">23<\/td><\/tr><tr><td>Ma\u00dfe:<\/td><td class=\"has-text-align-right\" data-align=\"right\">14,1 x 15,3 x 13,7<\/td><\/tr><tr><td>Preis:<\/td><td class=\"has-text-align-right\" data-align=\"right\">5599 EUR<\/td><\/tr><\/tbody><\/table><\/figure>\n<\/div>\n\n\n\n<div class=\"wp-block-column is-vertically-aligned-center has-border-color has-ti-bg-alt-border-color has-ti-bg-alt-background-color has-background is-layout-flow wp-block-column-is-layout-flow\" style=\"border-style:solid;padding-top:var(--wp--preset--spacing--70);padding-right:var(--wp--preset--spacing--70);padding-bottom:var(--wp--preset--spacing--70);padding-left:var(--wp--preset--spacing--70)\">\n<figure class=\"wp-block-image aligncenter size-full is-resized\"><img loading=\"lazy\" decoding=\"async\" src=\"https:\/\/dergemmologe.de\/de\/wp-content\/uploads\/sites\/2\/2023\/04\/diamond-158431__340-5.webp\" alt=\"\" class=\"wp-image-200\" width=\"115\" height=\"72\" srcset=\"https:\/\/dergemmologe.de\/de\/wp-content\/uploads\/sites\/2\/2023\/04\/diamond-158431__340-5.webp 541w, https:\/\/dergemmologe.de\/de\/wp-content\/uploads\/sites\/2\/2023\/04\/diamond-158431__340-5-300x189.webp 300w\" sizes=\"(max-width: 115px) 100vw, 115px\" \/><\/figure>\n\n\n\n<figure class=\"wp-block-table\"><table style=\"border-style:none;border-width:0px\"><tbody><tr><td>Farbe:<\/td><td class=\"has-text-align-right\" data-align=\"right\">gr\u00fcn<\/td><\/tr><tr><td>Reinheit:<\/td><td class=\"has-text-align-right\" data-align=\"right\">augenrein<\/td><\/tr><tr><td>Schliff:<\/td><td class=\"has-text-align-right\" data-align=\"right\">excellent<\/td><\/tr><tr><td>Herkunft:<\/td><td class=\"has-text-align-right\" data-align=\"right\">Brasilien<\/td><\/tr><tr><td>Karat:<\/td><td class=\"has-text-align-right\" data-align=\"right\">23<\/td><\/tr><tr><td>Ma\u00dfe:<\/td><td class=\"has-text-align-right\" data-align=\"right\">14,1 x 15,3 x 13,7<\/td><\/tr><tr><td>Preis:<\/td><td class=\"has-text-align-right\" data-align=\"right\">5599 EUR<\/td><\/tr><\/tbody><\/table><\/figure>\n<\/div>\n\n\n\n<div class=\"wp-block-column is-vertically-aligned-center has-border-color has-ti-bg-alt-border-color has-ti-bg-alt-background-color has-background is-layout-flow wp-block-column-is-layout-flow\" style=\"border-style:solid;padding-top:var(--wp--preset--spacing--70);padding-right:var(--wp--preset--spacing--70);padding-bottom:var(--wp--preset--spacing--70);padding-left:var(--wp--preset--spacing--70)\">\n<figure class=\"wp-block-image aligncenter size-full is-resized\"><img loading=\"lazy\" decoding=\"async\" src=\"https:\/\/dergemmologe.de\/de\/wp-content\/uploads\/sites\/2\/2023\/04\/diamond-158431__340-5.webp\" alt=\"\" class=\"wp-image-200\" width=\"115\" height=\"72\" srcset=\"https:\/\/dergemmologe.de\/de\/wp-content\/uploads\/sites\/2\/2023\/04\/diamond-158431__340-5.webp 541w, https:\/\/dergemmologe.de\/de\/wp-content\/uploads\/sites\/2\/2023\/04\/diamond-158431__340-5-300x189.webp 300w\" sizes=\"(max-width: 115px) 100vw, 115px\" \/><\/figure>\n\n\n\n<figure class=\"wp-block-table\"><table style=\"border-style:none;border-width:0px\"><tbody><tr><td>Farbe:<\/td><td class=\"has-text-align-right\" data-align=\"right\">gr\u00fcn<\/td><\/tr><tr><td>Reinheit:<\/td><td class=\"has-text-align-right\" data-align=\"right\">augenrein<\/td><\/tr><tr><td>Schliff:<\/td><td class=\"has-text-align-right\" data-align=\"right\">excellent<\/td><\/tr><tr><td>Herkunft:<\/td><td class=\"has-text-align-right\" data-align=\"right\">Brasilien<\/td><\/tr><tr><td>Karat:<\/td><td class=\"has-text-align-right\" data-align=\"right\">23<\/td><\/tr><tr><td>Ma\u00dfe:<\/td><td class=\"has-text-align-right\" data-align=\"right\">14,1 x 15,3 x 13,7<\/td><\/tr><tr><td>Preis:<\/td><td class=\"has-text-align-right\" data-align=\"right\">5599 EUR<\/td><\/tr><\/tbody><\/table><\/figure>\n<\/div>\n<\/div>\n\n\n\n<div class=\"wp-block-columns is-layout-flex wp-container-core-columns-layout-2 wp-block-columns-is-layout-flex\">\n<div class=\"wp-block-column is-vertically-aligned-center has-border-color has-ti-bg-alt-border-color has-ti-bg-alt-background-color has-background is-layout-flow wp-block-column-is-layout-flow\" style=\"border-style:solid;padding-top:var(--wp--preset--spacing--70);padding-right:var(--wp--preset--spacing--70);padding-bottom:var(--wp--preset--spacing--70);padding-left:var(--wp--preset--spacing--70)\">\n<figure class=\"wp-block-image aligncenter size-full is-resized\"><a href=\"https:\/\/dergemmologe.de\/de\/wp-content\/uploads\/sites\/2\/2023\/04\/diamond-158431__340-5.webp\"><img loading=\"lazy\" decoding=\"async\" src=\"https:\/\/dergemmologe.de\/de\/wp-content\/uploads\/sites\/2\/2023\/04\/diamond-158431__340-5.webp\" alt=\"\" class=\"wp-image-200\" width=\"115\" height=\"72\" srcset=\"https:\/\/dergemmologe.de\/de\/wp-content\/uploads\/sites\/2\/2023\/04\/diamond-158431__340-5.webp 541w, https:\/\/dergemmologe.de\/de\/wp-content\/uploads\/sites\/2\/2023\/04\/diamond-158431__340-5-300x189.webp 300w\" sizes=\"(max-width: 115px) 100vw, 115px\" \/><\/a><\/figure>\n\n\n\n<figure class=\"wp-block-table\"><table style=\"border-style:none;border-width:0px\"><tbody><tr><td>Farbe:<\/td><td class=\"has-text-align-right\" data-align=\"right\">gr\u00fcn<\/td><\/tr><tr><td>Reinheit:<\/td><td class=\"has-text-align-right\" data-align=\"right\">augenrein<\/td><\/tr><tr><td>Schliff:<\/td><td class=\"has-text-align-right\" data-align=\"right\">excellent<\/td><\/tr><tr><td>Herkunft:<\/td><td class=\"has-text-align-right\" data-align=\"right\">Brasilien<\/td><\/tr><tr><td>Karat:<\/td><td class=\"has-text-align-right\" data-align=\"right\">23<\/td><\/tr><tr><td>Ma\u00dfe:<\/td><td class=\"has-text-align-right\" data-align=\"right\">14,1 x 15,3 x 13,7<\/td><\/tr><tr><td>Preis:<\/td><td class=\"has-text-align-right\" data-align=\"right\">5599 EUR<\/td><\/tr><\/tbody><\/table><\/figure>\n<\/div>\n\n\n\n<div class=\"wp-block-column is-vertically-aligned-center has-border-color has-ti-bg-alt-border-color has-ti-bg-alt-background-color has-background is-layout-flow wp-block-column-is-layout-flow\" style=\"border-style:solid;padding-top:var(--wp--preset--spacing--70);padding-right:var(--wp--preset--spacing--70);padding-bottom:var(--wp--preset--spacing--70);padding-left:var(--wp--preset--spacing--70)\">\n<figure class=\"wp-block-image aligncenter size-full is-resized\"><img loading=\"lazy\" decoding=\"async\" src=\"https:\/\/dergemmologe.de\/de\/wp-content\/uploads\/sites\/2\/2023\/04\/diamond-158431__340-5.webp\" alt=\"\" class=\"wp-image-200\" width=\"115\" height=\"72\" srcset=\"https:\/\/dergemmologe.de\/de\/wp-content\/uploads\/sites\/2\/2023\/04\/diamond-158431__340-5.webp 541w, https:\/\/dergemmologe.de\/de\/wp-content\/uploads\/sites\/2\/2023\/04\/diamond-158431__340-5-300x189.webp 300w\" sizes=\"(max-width: 115px) 100vw, 115px\" \/><\/figure>\n\n\n\n<figure class=\"wp-block-table\"><table style=\"border-style:none;border-width:0px\"><tbody><tr><td>Farbe:<\/td><td class=\"has-text-align-right\" data-align=\"right\">gr\u00fcn<\/td><\/tr><tr><td>Reinheit:<\/td><td class=\"has-text-align-right\" data-align=\"right\">augenrein<\/td><\/tr><tr><td>Schliff:<\/td><td class=\"has-text-align-right\" data-align=\"right\">excellent<\/td><\/tr><tr><td>Herkunft:<\/td><td class=\"has-text-align-right\" data-align=\"right\">Brasilien<\/td><\/tr><tr><td>Karat:<\/td><td class=\"has-text-align-right\" data-align=\"right\">23<\/td><\/tr><tr><td>Ma\u00dfe:<\/td><td class=\"has-text-align-right\" data-align=\"right\">14,1 x 15,3 x 13,7<\/td><\/tr><tr><td>Preis:<\/td><td class=\"has-text-align-right\" data-align=\"right\">5599 EUR<\/td><\/tr><\/tbody><\/table><\/figure>\n<\/div>\n\n\n\n<div class=\"wp-block-column is-vertically-aligned-center has-border-color has-ti-bg-alt-border-color has-ti-bg-alt-background-color has-background is-layout-flow wp-block-column-is-layout-flow\" style=\"border-style:solid;padding-top:var(--wp--preset--spacing--70);padding-right:var(--wp--preset--spacing--70);padding-bottom:var(--wp--preset--spacing--70);padding-left:var(--wp--preset--spacing--70)\">\n<figure class=\"wp-block-image aligncenter size-full is-resized\"><img loading=\"lazy\" decoding=\"async\" src=\"https:\/\/dergemmologe.de\/de\/wp-content\/uploads\/sites\/2\/2023\/04\/diamond-158431__340-5.webp\" alt=\"\" class=\"wp-image-200\" width=\"115\" height=\"72\" srcset=\"https:\/\/dergemmologe.de\/de\/wp-content\/uploads\/sites\/2\/2023\/04\/diamond-158431__340-5.webp 541w, https:\/\/dergemmologe.de\/de\/wp-content\/uploads\/sites\/2\/2023\/04\/diamond-158431__340-5-300x189.webp 300w\" sizes=\"(max-width: 115px) 100vw, 115px\" \/><\/figure>\n\n\n\n<figure class=\"wp-block-table\"><table style=\"border-style:none;border-width:0px\"><tbody><tr><td>Farbe:<\/td><td class=\"has-text-align-right\" data-align=\"right\">gr\u00fcn<\/td><\/tr><tr><td>Reinheit:<\/td><td class=\"has-text-align-right\" data-align=\"right\">augenrein<\/td><\/tr><tr><td>Schliff:<\/td><td class=\"has-text-align-right\" data-align=\"right\">excellent<\/td><\/tr><tr><td>Herkunft:<\/td><td class=\"has-text-align-right\" data-align=\"right\">Brasilien<\/td><\/tr><tr><td>Karat:<\/td><td class=\"has-text-align-right\" data-align=\"right\">23<\/td><\/tr><tr><td>Ma\u00dfe:<\/td><td class=\"has-text-align-right\" data-align=\"right\">14,1 x 15,3 x 13,7<\/td><\/tr><tr><td>Preis:<\/td><td class=\"has-text-align-right\" data-align=\"right\">5599 EUR<\/td><\/tr><\/tbody><\/table><\/figure>\n<\/div>\n<\/div>\n","protected":false},"excerpt":{"rendered":"<p>Smaragd\u00a0ist eine dunkel- bis hellgr\u00fcne\u00a0Variet\u00e4t\u00a0des\u00a0Silikat-Minerals\u00a0Beryll. Die Farbe von Smaragd, deren Variationsbreite von einem dunklen Blaugr\u00fcn bis zu einem hellen Gelbgr\u00fcn reicht, wird durch geringe\u00a0Fremdbeimengungen\u00a0von\u00a0Chrom- und\u00a0Vanadium-Ionen verursacht. Farbe: gr\u00fcn Reinheit: augenrein Schliff: excellent Herkunft: Brasilien Karat: 23 Ma\u00dfe: 14,1 x 15,3 x 13,7 Preis: 5599 EUR Farbe: gr\u00fcn Reinheit: augenrein Schliff: excellent Herkunft: Brasilien Karat: 23 [&hellip;]<\/p>\n","protected":false},"author":1,"featured_media":0,"parent":0,"menu_order":0,"comment_status":"closed","ping_status":"closed","template":"","meta":{"footnotes":""},"yoast_head":"<!-- This site is optimized with the Yoast SEO plugin v23.5 - https:\/\/yoast.com\/wordpress\/plugins\/seo\/ -->\n<title>Smaragd - Gemmologisches Labor<\/title>\n<meta name=\"robots\" content=\"index, follow, max-snippet:-1, max-image-preview:large, max-video-preview:-1\" \/>\n<link rel=\"canonical\" href=\"https:\/\/dergemmologe.de\/de\/smaragd\/\" \/>\n<meta property=\"og:locale\" content=\"de_DE\" \/>\n<meta property=\"og:type\" content=\"article\" \/>\n<meta property=\"og:title\" content=\"Smaragd - Gemmologisches Labor\" \/>\n<meta property=\"og:description\" content=\"Smaragd\u00a0ist eine dunkel- bis hellgr\u00fcne\u00a0Variet\u00e4t\u00a0des\u00a0Silikat-Minerals\u00a0Beryll. Die Farbe von Smaragd, deren Variationsbreite von einem dunklen Blaugr\u00fcn bis zu einem hellen Gelbgr\u00fcn reicht, wird durch geringe\u00a0Fremdbeimengungen\u00a0von\u00a0Chrom- und\u00a0Vanadium-Ionen verursacht. Farbe: gr\u00fcn Reinheit: augenrein Schliff: excellent Herkunft: Brasilien Karat: 23 Ma\u00dfe: 14,1 x 15,3 x 13,7 Preis: 5599 EUR Farbe: gr\u00fcn Reinheit: augenrein Schliff: excellent Herkunft: Brasilien Karat: 23 [&hellip;]\" \/>\n<meta property=\"og:url\" content=\"https:\/\/dergemmologe.de\/de\/smaragd\/\" \/>\n<meta property=\"og:site_name\" content=\"Gemmologisches Labor\" \/>\n<meta property=\"article:modified_time\" content=\"2023-04-13T22:11:22+00:00\" \/>\n<meta property=\"og:image\" content=\"https:\/\/dergemmologe.de\/de\/wp-content\/uploads\/sites\/2\/2023\/04\/diamond-158431__340-5.webp\" \/>\n<meta name=\"twitter:card\" content=\"summary_large_image\" \/>\n<meta name=\"twitter:label1\" content=\"Gesch\u00e4tzte Lesezeit\" \/>\n\t<meta name=\"twitter:data1\" content=\"3 Minuten\" \/>\n<script type=\"application\/ld+json\" class=\"yoast-schema-graph\">{\"@context\":\"https:\/\/schema.org\",\"@graph\":[{\"@type\":\"WebPage\",\"@id\":\"https:\/\/dergemmologe.de\/de\/smaragd\/\",\"url\":\"https:\/\/dergemmologe.de\/de\/smaragd\/\",\"name\":\"Smaragd - Gemmologisches Labor\",\"isPartOf\":{\"@id\":\"https:\/\/dergemmologe.de\/de\/#website\"},\"primaryImageOfPage\":{\"@id\":\"https:\/\/dergemmologe.de\/de\/smaragd\/#primaryimage\"},\"image\":{\"@id\":\"https:\/\/dergemmologe.de\/de\/smaragd\/#primaryimage\"},\"thumbnailUrl\":\"https:\/\/dergemmologe.de\/de\/wp-content\/uploads\/sites\/2\/2023\/04\/diamond-158431__340-5.webp\",\"datePublished\":\"2023-04-01T20:01:19+00:00\",\"dateModified\":\"2023-04-13T22:11:22+00:00\",\"inLanguage\":\"de-DE\",\"potentialAction\":[{\"@type\":\"ReadAction\",\"target\":[\"https:\/\/dergemmologe.de\/de\/smaragd\/\"]}]},{\"@type\":\"ImageObject\",\"inLanguage\":\"de-DE\",\"@id\":\"https:\/\/dergemmologe.de\/de\/smaragd\/#primaryimage\",\"url\":\"https:\/\/dergemmologe.de\/de\/wp-content\/uploads\/sites\/2\/2023\/04\/diamond-158431__340-5.webp\",\"contentUrl\":\"https:\/\/dergemmologe.de\/de\/wp-content\/uploads\/sites\/2\/2023\/04\/diamond-158431__340-5.webp\"},{\"@type\":\"WebSite\",\"@id\":\"https:\/\/dergemmologe.de\/de\/#website\",\"url\":\"https:\/\/dergemmologe.de\/de\/\",\"name\":\"Gemmologisches Labor\",\"description\":\"Timo Laatsch - Gemmologisches Labor\",\"potentialAction\":[{\"@type\":\"SearchAction\",\"target\":{\"@type\":\"EntryPoint\",\"urlTemplate\":\"https:\/\/dergemmologe.de\/de\/?s={search_term_string}\"},\"query-input\":{\"@type\":\"PropertyValueSpecification\",\"valueRequired\":true,\"valueName\":\"search_term_string\"}}],\"inLanguage\":\"de-DE\"}]}<\/script>\n<!-- \/ Yoast SEO plugin. -->","yoast_head_json":{"title":"Smaragd - Gemmologisches Labor","robots":{"index":"index","follow":"follow","max-snippet":"max-snippet:-1","max-image-preview":"max-image-preview:large","max-video-preview":"max-video-preview:-1"},"canonical":"https:\/\/dergemmologe.de\/de\/smaragd\/","og_locale":"de_DE","og_type":"article","og_title":"Smaragd - Gemmologisches Labor","og_description":"Smaragd\u00a0ist eine dunkel- bis hellgr\u00fcne\u00a0Variet\u00e4t\u00a0des\u00a0Silikat-Minerals\u00a0Beryll. Die Farbe von Smaragd, deren Variationsbreite von einem dunklen Blaugr\u00fcn bis zu einem hellen Gelbgr\u00fcn reicht, wird durch geringe\u00a0Fremdbeimengungen\u00a0von\u00a0Chrom- und\u00a0Vanadium-Ionen verursacht. Farbe: gr\u00fcn Reinheit: augenrein Schliff: excellent Herkunft: Brasilien Karat: 23 Ma\u00dfe: 14,1 x 15,3 x 13,7 Preis: 5599 EUR Farbe: gr\u00fcn Reinheit: augenrein Schliff: excellent Herkunft: Brasilien Karat: 23 [&hellip;]","og_url":"https:\/\/dergemmologe.de\/de\/smaragd\/","og_site_name":"Gemmologisches Labor","article_modified_time":"2023-04-13T22:11:22+00:00","og_image":[{"url":"https:\/\/dergemmologe.de\/de\/wp-content\/uploads\/sites\/2\/2023\/04\/diamond-158431__340-5.webp"}],"twitter_card":"summary_large_image","twitter_misc":{"Gesch\u00e4tzte Lesezeit":"3 Minuten"},"schema":{"@context":"https:\/\/schema.org","@graph":[{"@type":"WebPage","@id":"https:\/\/dergemmologe.de\/de\/smaragd\/","url":"https:\/\/dergemmologe.de\/de\/smaragd\/","name":"Smaragd - Gemmologisches Labor","isPartOf":{"@id":"https:\/\/dergemmologe.de\/de\/#website"},"primaryImageOfPage":{"@id":"https:\/\/dergemmologe.de\/de\/smaragd\/#primaryimage"},"image":{"@id":"https:\/\/dergemmologe.de\/de\/smaragd\/#primaryimage"},"thumbnailUrl":"https:\/\/dergemmologe.de\/de\/wp-content\/uploads\/sites\/2\/2023\/04\/diamond-158431__340-5.webp","datePublished":"2023-04-01T20:01:19+00:00","dateModified":"2023-04-13T22:11:22+00:00","inLanguage":"de-DE","potentialAction":[{"@type":"ReadAction","target":["https:\/\/dergemmologe.de\/de\/smaragd\/"]}]},{"@type":"ImageObject","inLanguage":"de-DE","@id":"https:\/\/dergemmologe.de\/de\/smaragd\/#primaryimage","url":"https:\/\/dergemmologe.de\/de\/wp-content\/uploads\/sites\/2\/2023\/04\/diamond-158431__340-5.webp","contentUrl":"https:\/\/dergemmologe.de\/de\/wp-content\/uploads\/sites\/2\/2023\/04\/diamond-158431__340-5.webp"},{"@type":"WebSite","@id":"https:\/\/dergemmologe.de\/de\/#website","url":"https:\/\/dergemmologe.de\/de\/","name":"Gemmologisches Labor","description":"Timo Laatsch - Gemmologisches Labor","potentialAction":[{"@type":"SearchAction","target":{"@type":"EntryPoint","urlTemplate":"https:\/\/dergemmologe.de\/de\/?s={search_term_string}"},"query-input":{"@type":"PropertyValueSpecification","valueRequired":true,"valueName":"search_term_string"}}],"inLanguage":"de-DE"}]}},"_links":{"self":[{"href":"https:\/\/dergemmologe.de\/de\/wp-json\/wp\/v2\/pages\/66"}],"collection":[{"href":"https:\/\/dergemmologe.de\/de\/wp-json\/wp\/v2\/pages"}],"about":[{"href":"https:\/\/dergemmologe.de\/de\/wp-json\/wp\/v2\/types\/page"}],"author":[{"embeddable":true,"href":"https:\/\/dergemmologe.de\/de\/wp-json\/wp\/v2\/users\/1"}],"replies":[{"embeddable":true,"href":"https:\/\/dergemmologe.de\/de\/wp-json\/wp\/v2\/comments?post=66"}],"version-history":[{"count":5,"href":"https:\/\/dergemmologe.de\/de\/wp-json\/wp\/v2\/pages\/66\/revisions"}],"predecessor-version":[{"id":376,"href":"https:\/\/dergemmologe.de\/de\/wp-json\/wp\/v2\/pages\/66\/revisions\/376"}],"wp:attachment":[{"href":"https:\/\/dergemmologe.de\/de\/wp-json\/wp\/v2\/media?parent=66"}],"curies":[{"name":"wp","href":"https:\/\/api.w.org\/{rel}","templated":true}]}}