{"id":53,"date":"2023-04-01T21:58:57","date_gmt":"2023-04-01T19:58:57","guid":{"rendered":"https:\/\/dergemmologe.de\/de\/?page_id=53"},"modified":"2023-08-07T22:24:19","modified_gmt":"2023-08-07T20:24:19","slug":"labor-und-gutachten","status":"publish","type":"page","link":"https:\/\/dergemmologe.de\/de\/labor-und-gutachten\/","title":{"rendered":"Unser gemmologisches Labor"},"content":{"rendered":"\n<p>Meine Aufgabe als Diamant- und Edelsteinexperte ist die Unterscheidung nat\u00fcrlicher Edelsteine von Imitationen und Synthesen, sowie die Herkunftsbestimmung und Behandlungsmethoden der Edelsteine zu erkennen.<\/p>\n\n\n\n<h3 class=\"wp-block-heading\">Was ist die Gemmologie?<\/h3>\n\n\n\n<p>Die Gemmologie, auch Wissenschaft der Edelsteine genannt, besch\u00e4ftigt sich als Teilgebiet der Mineralogie ausschlie\u00dflich mit den als Schmucksteinen genutzten Mineralien und Variet\u00e4ten sowie deren Synthesen und Imitationen. Ich bin darauf spezialisiert Edelsteine auf Echtheit, Zusammensetzung und Herkunft zu identifizieren.<\/p>\n\n\n\n<h3 class=\"wp-block-heading\">Schmuck mit Edelsteinen<\/h3>\n\n\n\n<p>Durch die handwerkliche Kunst des Goldschmieds, mit der Kombination kostbarer Edelsteine ergibt sich automatisch auch der Kontakt mit Edelmetallen. Diese werden bei uns auch identifiziert und begutachtet.<\/p>\n\n\n\n<h2 class=\"wp-block-heading\">Brauchen Sie Hilfe<\/h2>\n\n\n\n<p>Sind Sie Juwelier, Pfandleiher oder Goldschmied und brauchen Unterst\u00fctzung bei der Begutachtung Ihrer Waren?<br>Kontaktieren Sie mich, ich unterst\u00fctze Sie gerne.<\/p>\n\n\n\n<p><\/p>\n","protected":false},"excerpt":{"rendered":"<p>Meine Aufgabe als Diamant- und Edelsteinexperte ist die Unterscheidung nat\u00fcrlicher Edelsteine von Imitationen und Synthesen, sowie die Herkunftsbestimmung und Behandlungsmethoden der Edelsteine zu erkennen. Was ist die Gemmologie? Die Gemmologie, auch Wissenschaft der Edelsteine genannt, besch\u00e4ftigt sich als Teilgebiet der Mineralogie ausschlie\u00dflich mit den als Schmucksteinen genutzten Mineralien und Variet\u00e4ten sowie deren Synthesen und Imitationen. [&hellip;]<\/p>\n","protected":false},"author":2,"featured_media":0,"parent":0,"menu_order":0,"comment_status":"closed","ping_status":"closed","template":"","meta":{"footnotes":""},"yoast_head":"<!-- This site is optimized with the Yoast SEO plugin v23.5 - https:\/\/yoast.com\/wordpress\/plugins\/seo\/ -->\n<title>Unser gemmologisches Labor - Gemmologisches Labor<\/title>\n<meta name=\"robots\" content=\"index, follow, max-snippet:-1, max-image-preview:large, max-video-preview:-1\" \/>\n<link rel=\"canonical\" href=\"https:\/\/dergemmologe.de\/de\/labor-und-gutachten\/\" \/>\n<meta property=\"og:locale\" content=\"de_DE\" \/>\n<meta property=\"og:type\" content=\"article\" \/>\n<meta property=\"og:title\" content=\"Unser gemmologisches Labor - Gemmologisches Labor\" \/>\n<meta property=\"og:description\" content=\"Meine Aufgabe als Diamant- und Edelsteinexperte ist die Unterscheidung nat\u00fcrlicher Edelsteine von Imitationen und Synthesen, sowie die Herkunftsbestimmung und Behandlungsmethoden der Edelsteine zu erkennen. Was ist die Gemmologie? Die Gemmologie, auch Wissenschaft der Edelsteine genannt, besch\u00e4ftigt sich als Teilgebiet der Mineralogie ausschlie\u00dflich mit den als Schmucksteinen genutzten Mineralien und Variet\u00e4ten sowie deren Synthesen und Imitationen. [&hellip;]\" \/>\n<meta property=\"og:url\" content=\"https:\/\/dergemmologe.de\/de\/labor-und-gutachten\/\" \/>\n<meta property=\"og:site_name\" content=\"Gemmologisches Labor\" \/>\n<meta property=\"article:modified_time\" content=\"2023-08-07T20:24:19+00:00\" \/>\n<meta name=\"twitter:card\" content=\"summary_large_image\" \/>\n<meta name=\"twitter:label1\" content=\"Gesch\u00e4tzte Lesezeit\" \/>\n\t<meta name=\"twitter:data1\" content=\"1 Minute\" \/>\n<script type=\"application\/ld+json\" class=\"yoast-schema-graph\">{\"@context\":\"https:\/\/schema.org\",\"@graph\":[{\"@type\":\"WebPage\",\"@id\":\"https:\/\/dergemmologe.de\/de\/labor-und-gutachten\/\",\"url\":\"https:\/\/dergemmologe.de\/de\/labor-und-gutachten\/\",\"name\":\"Unser gemmologisches Labor - Gemmologisches Labor\",\"isPartOf\":{\"@id\":\"https:\/\/dergemmologe.de\/de\/#website\"},\"datePublished\":\"2023-04-01T19:58:57+00:00\",\"dateModified\":\"2023-08-07T20:24:19+00:00\",\"inLanguage\":\"de-DE\",\"potentialAction\":[{\"@type\":\"ReadAction\",\"target\":[\"https:\/\/dergemmologe.de\/de\/labor-und-gutachten\/\"]}]},{\"@type\":\"WebSite\",\"@id\":\"https:\/\/dergemmologe.de\/de\/#website\",\"url\":\"https:\/\/dergemmologe.de\/de\/\",\"name\":\"Gemmologisches Labor\",\"description\":\"Timo Laatsch - Gemmologisches Labor\",\"potentialAction\":[{\"@type\":\"SearchAction\",\"target\":{\"@type\":\"EntryPoint\",\"urlTemplate\":\"https:\/\/dergemmologe.de\/de\/?s={search_term_string}\"},\"query-input\":{\"@type\":\"PropertyValueSpecification\",\"valueRequired\":true,\"valueName\":\"search_term_string\"}}],\"inLanguage\":\"de-DE\"}]}<\/script>\n<!-- \/ Yoast SEO plugin. -->","yoast_head_json":{"title":"Unser gemmologisches Labor - Gemmologisches Labor","robots":{"index":"index","follow":"follow","max-snippet":"max-snippet:-1","max-image-preview":"max-image-preview:large","max-video-preview":"max-video-preview:-1"},"canonical":"https:\/\/dergemmologe.de\/de\/labor-und-gutachten\/","og_locale":"de_DE","og_type":"article","og_title":"Unser gemmologisches Labor - Gemmologisches Labor","og_description":"Meine Aufgabe als Diamant- und Edelsteinexperte ist die Unterscheidung nat\u00fcrlicher Edelsteine von Imitationen und Synthesen, sowie die Herkunftsbestimmung und Behandlungsmethoden der Edelsteine zu erkennen. Was ist die Gemmologie? Die Gemmologie, auch Wissenschaft der Edelsteine genannt, besch\u00e4ftigt sich als Teilgebiet der Mineralogie ausschlie\u00dflich mit den als Schmucksteinen genutzten Mineralien und Variet\u00e4ten sowie deren Synthesen und Imitationen. [&hellip;]","og_url":"https:\/\/dergemmologe.de\/de\/labor-und-gutachten\/","og_site_name":"Gemmologisches Labor","article_modified_time":"2023-08-07T20:24:19+00:00","twitter_card":"summary_large_image","twitter_misc":{"Gesch\u00e4tzte Lesezeit":"1 Minute"},"schema":{"@context":"https:\/\/schema.org","@graph":[{"@type":"WebPage","@id":"https:\/\/dergemmologe.de\/de\/labor-und-gutachten\/","url":"https:\/\/dergemmologe.de\/de\/labor-und-gutachten\/","name":"Unser gemmologisches Labor - Gemmologisches Labor","isPartOf":{"@id":"https:\/\/dergemmologe.de\/de\/#website"},"datePublished":"2023-04-01T19:58:57+00:00","dateModified":"2023-08-07T20:24:19+00:00","inLanguage":"de-DE","potentialAction":[{"@type":"ReadAction","target":["https:\/\/dergemmologe.de\/de\/labor-und-gutachten\/"]}]},{"@type":"WebSite","@id":"https:\/\/dergemmologe.de\/de\/#website","url":"https:\/\/dergemmologe.de\/de\/","name":"Gemmologisches Labor","description":"Timo Laatsch - Gemmologisches Labor","potentialAction":[{"@type":"SearchAction","target":{"@type":"EntryPoint","urlTemplate":"https:\/\/dergemmologe.de\/de\/?s={search_term_string}"},"query-input":{"@type":"PropertyValueSpecification","valueRequired":true,"valueName":"search_term_string"}}],"inLanguage":"de-DE"}]}},"_links":{"self":[{"href":"https:\/\/dergemmologe.de\/de\/wp-json\/wp\/v2\/pages\/53"}],"collection":[{"href":"https:\/\/dergemmologe.de\/de\/wp-json\/wp\/v2\/pages"}],"about":[{"href":"https:\/\/dergemmologe.de\/de\/wp-json\/wp\/v2\/types\/page"}],"author":[{"embeddable":true,"href":"https:\/\/dergemmologe.de\/de\/wp-json\/wp\/v2\/users\/2"}],"replies":[{"embeddable":true,"href":"https:\/\/dergemmologe.de\/de\/wp-json\/wp\/v2\/comments?post=53"}],"version-history":[{"count":25,"href":"https:\/\/dergemmologe.de\/de\/wp-json\/wp\/v2\/pages\/53\/revisions"}],"predecessor-version":[{"id":671,"href":"https:\/\/dergemmologe.de\/de\/wp-json\/wp\/v2\/pages\/53\/revisions\/671"}],"wp:attachment":[{"href":"https:\/\/dergemmologe.de\/de\/wp-json\/wp\/v2\/media?parent=53"}],"curies":[{"name":"wp","href":"https:\/\/api.w.org\/{rel}","templated":true}]}}