{"id":174,"date":"2023-04-04T14:48:21","date_gmt":"2023-04-04T12:48:21","guid":{"rendered":"https:\/\/dergemmologe.de\/de\/?page_id=174"},"modified":"2023-04-16T09:04:18","modified_gmt":"2023-04-16T07:04:18","slug":"wertarten","status":"publish","type":"page","link":"https:\/\/dergemmologe.de\/de\/wertarten\/","title":{"rendered":"Wertarten"},"content":{"rendered":"\n<h3 class=\"wp-block-heading\">Wertarten in der Schmuckbranche<\/h3>\n\n\n\n<p>In der Schmuckbranche existieren&nbsp;<strong>4 relevante Wertarten<\/strong>, die es in den unterschiedlichen Fragestellungen f\u00fcr Schmuckgutachten zu beachten gilt.<br><br>Der Zentralverband der Deutschen Goldschmiede, Silberschmiede und Juweliere hat dahingehend eindeutige Richtlinien herausgegeben, an denen sich ein modernes Schmuckgutachten zu orientieren hat.<br><br>In einem Gutachten werden stets mittlere Werte, Zweck und Handelsstufe angegeben. Aufgrund unterschiedlicher Bezugsbedingungen und Kalkulationsmargen kann es in der Praxis zu abweichenden Preis- und Wertermittlungen kommen. Gefasste Edelsteine k\u00f6nnen nur bedingt einer Pr\u00fcfung und Bewertung unterzogen werden.<br><br>Von den Definitionen abweichende Werte, z.&nbsp;B. f\u00fcr forensische Gutachten, k\u00f6nnen im Rahmen einer f\u00fcr diesen Zweck erstellten oder modifizierten Definition Verwendung finden, soweit diese klar definiert sind.<\/p>\n\n\n\n<h3 class=\"wp-block-heading\">Materialwert<\/h3>\n\n\n\n<p>Der Materialwert ist der Wert eines n\u00f6tigen Sachgutes, das zur Herstellung von Erzeugnissen dient.<br>Er ist auch dem Kurswert f\u00fcr eine Verwertung gleich zu setzen.<br>Man nimmt den B\u00f6rsenkurs (Ankauf, unverarbeitet) zum Bewertungszeitpunkt als Grundlage an.<\/p>\n\n\n\n<h3 class=\"wp-block-heading\">Verkehrswert (auch: gemeiner Wert)<\/h3>\n\n\n\n<p>Der Verkehrswert ist der Wert im Umlauf der Wirtschaft. Er entspricht dem Wert, der durch den Preis bestimmt wird, der im gew\u00f6hnlichen Gesch\u00e4ftsverkehr nach Beschaffenheit der Sache bei einer (kurzfristigen) Ver\u00e4u\u00dferung zu erzielen w\u00e4re.<br>Die Definition des Verkehrswertes orientiert sich an \u00a79 Abs. 2 BewG. Er bezieht sich auf eine komplette und zeitnahe Ver\u00e4u\u00dferung.<\/p>\n\n\n\n<p>Wird ein Gro\u00dfhandelspreis angegeben, so ist darauf hinzuweisen.<br>F\u00fcr jeden anderen Fall gilt der Ankaufswert inklusive Tax- und Schmelzverlusten, sowie Aufarbeitungs- und Scheidekosten (z. B. Goldankaufswert).<br>Hierdurch kann der Verkehrswert auch unter dem Materialwert liegen.<\/p>\n\n\n\n<p>Als Verkehrswert stuft man auch ein: den H\u00e4ndler-Ankaufswert, den Erbschaftssteuerwert und den Realisationswert.<br>Der Verkehrswert <em>wird exklusive Mehrwertsteuer angegeben<\/em>, da Werte im Umlauf der Wirtschaft immer netto angegeben werden.<br>Ein Hinweis dazu wird bei Bedarf im Gutachten gegeben.<\/p>\n\n\n\n<h3 class=\"wp-block-heading\">Wiederbeschaffungswert<\/h3>\n\n\n\n<p>Der Wiederbeschaffungswert, Neuwert oder Versicherungswert (exklusive Haftpflichtsch\u00e4den), ist der Betrag in Geld, welcher aufgewendet werden muss, um einen gleichen Gegenstand wieder neu zu beschaffen.<br>Dies ist bei modernen Schmuckst\u00fccken z. B. der Wert, der beziffert werden muss, wenn ein verloren gegangenes oder besch\u00e4digtes Schmuckst\u00fcck durch einen qualifizierten Fachmann (z. B. Goldschmiedemeister\/in) neu gearbeitet werden muss.<\/p>\n\n\n\n<p>Bei antiken Schmuckst\u00fccken ist der Wiederbeschaffungswert z. B. der Wert eines m\u00f6glichst gut vergleichbaren Gegenstandes, der gebraucht gekauft werden kann. &nbsp;&nbsp;&nbsp; Der Wiederbeschaffungswert beinhaltet alle Abgaben und Steuern (z.&nbsp;B. Mehrwertsteuer, Einfuhrumsatzsteuern, Z\u00f6lle, etc.), welche aufgrund gesetzlicher<br>Vorschriften zu entrichten sind.<\/p>\n\n\n\n<h3 class=\"wp-block-heading\">Zeitwert<\/h3>\n\n\n\n<p>Der Zeitwert ist der Wert, den ein Verm\u00f6gensgegenstand zum Bewertungszeitpunkt hat. Dieser stellt Material plus Zustand, Bedeutung und Nutzen dar, wobei keine Verkaufsabsicht besteht.<br>Man bezeichnet diese Wertart auch als \u201eErbteilungswert\u201c (wobei hier auch der immaterielle Wert stark zum Tragen kommt).<br>Aber auch der \u201eZollein- oder Ausfuhrwert\u201c wird als Zeitwert bezeichnet.<\/p>\n","protected":false},"excerpt":{"rendered":"<p>Wertarten in der Schmuckbranche In der Schmuckbranche existieren&nbsp;4 relevante Wertarten, die es in den unterschiedlichen Fragestellungen f\u00fcr Schmuckgutachten zu beachten gilt. Der Zentralverband der Deutschen Goldschmiede, Silberschmiede und Juweliere hat dahingehend eindeutige Richtlinien herausgegeben, an denen sich ein modernes Schmuckgutachten zu orientieren hat. In einem Gutachten werden stets mittlere Werte, Zweck und Handelsstufe angegeben. Aufgrund [&hellip;]<\/p>\n","protected":false},"author":2,"featured_media":0,"parent":0,"menu_order":0,"comment_status":"closed","ping_status":"closed","template":"","meta":{"footnotes":""},"yoast_head":"<!-- This site is optimized with the Yoast SEO plugin v23.5 - https:\/\/yoast.com\/wordpress\/plugins\/seo\/ -->\n<title>Wertarten - Gemmologisches Labor<\/title>\n<meta name=\"robots\" content=\"index, follow, max-snippet:-1, max-image-preview:large, max-video-preview:-1\" \/>\n<link rel=\"canonical\" href=\"https:\/\/dergemmologe.de\/de\/wertarten\/\" \/>\n<meta property=\"og:locale\" content=\"de_DE\" \/>\n<meta property=\"og:type\" content=\"article\" \/>\n<meta property=\"og:title\" content=\"Wertarten - Gemmologisches Labor\" \/>\n<meta property=\"og:description\" content=\"Wertarten in der Schmuckbranche In der Schmuckbranche existieren&nbsp;4 relevante Wertarten, die es in den unterschiedlichen Fragestellungen f\u00fcr Schmuckgutachten zu beachten gilt. Der Zentralverband der Deutschen Goldschmiede, Silberschmiede und Juweliere hat dahingehend eindeutige Richtlinien herausgegeben, an denen sich ein modernes Schmuckgutachten zu orientieren hat. In einem Gutachten werden stets mittlere Werte, Zweck und Handelsstufe angegeben. Aufgrund [&hellip;]\" \/>\n<meta property=\"og:url\" content=\"https:\/\/dergemmologe.de\/de\/wertarten\/\" \/>\n<meta property=\"og:site_name\" content=\"Gemmologisches Labor\" \/>\n<meta property=\"article:modified_time\" content=\"2023-04-16T07:04:18+00:00\" \/>\n<meta name=\"twitter:card\" content=\"summary_large_image\" \/>\n<meta name=\"twitter:label1\" content=\"Gesch\u00e4tzte Lesezeit\" \/>\n\t<meta name=\"twitter:data1\" content=\"3 Minuten\" \/>\n<script type=\"application\/ld+json\" class=\"yoast-schema-graph\">{\"@context\":\"https:\/\/schema.org\",\"@graph\":[{\"@type\":\"WebPage\",\"@id\":\"https:\/\/dergemmologe.de\/de\/wertarten\/\",\"url\":\"https:\/\/dergemmologe.de\/de\/wertarten\/\",\"name\":\"Wertarten - Gemmologisches Labor\",\"isPartOf\":{\"@id\":\"https:\/\/dergemmologe.de\/de\/#website\"},\"datePublished\":\"2023-04-04T12:48:21+00:00\",\"dateModified\":\"2023-04-16T07:04:18+00:00\",\"inLanguage\":\"de-DE\",\"potentialAction\":[{\"@type\":\"ReadAction\",\"target\":[\"https:\/\/dergemmologe.de\/de\/wertarten\/\"]}]},{\"@type\":\"WebSite\",\"@id\":\"https:\/\/dergemmologe.de\/de\/#website\",\"url\":\"https:\/\/dergemmologe.de\/de\/\",\"name\":\"Gemmologisches Labor\",\"description\":\"Timo Laatsch - Gemmologisches Labor\",\"potentialAction\":[{\"@type\":\"SearchAction\",\"target\":{\"@type\":\"EntryPoint\",\"urlTemplate\":\"https:\/\/dergemmologe.de\/de\/?s={search_term_string}\"},\"query-input\":{\"@type\":\"PropertyValueSpecification\",\"valueRequired\":true,\"valueName\":\"search_term_string\"}}],\"inLanguage\":\"de-DE\"}]}<\/script>\n<!-- \/ Yoast SEO plugin. -->","yoast_head_json":{"title":"Wertarten - Gemmologisches Labor","robots":{"index":"index","follow":"follow","max-snippet":"max-snippet:-1","max-image-preview":"max-image-preview:large","max-video-preview":"max-video-preview:-1"},"canonical":"https:\/\/dergemmologe.de\/de\/wertarten\/","og_locale":"de_DE","og_type":"article","og_title":"Wertarten - Gemmologisches Labor","og_description":"Wertarten in der Schmuckbranche In der Schmuckbranche existieren&nbsp;4 relevante Wertarten, die es in den unterschiedlichen Fragestellungen f\u00fcr Schmuckgutachten zu beachten gilt. Der Zentralverband der Deutschen Goldschmiede, Silberschmiede und Juweliere hat dahingehend eindeutige Richtlinien herausgegeben, an denen sich ein modernes Schmuckgutachten zu orientieren hat. In einem Gutachten werden stets mittlere Werte, Zweck und Handelsstufe angegeben. Aufgrund [&hellip;]","og_url":"https:\/\/dergemmologe.de\/de\/wertarten\/","og_site_name":"Gemmologisches Labor","article_modified_time":"2023-04-16T07:04:18+00:00","twitter_card":"summary_large_image","twitter_misc":{"Gesch\u00e4tzte Lesezeit":"3 Minuten"},"schema":{"@context":"https:\/\/schema.org","@graph":[{"@type":"WebPage","@id":"https:\/\/dergemmologe.de\/de\/wertarten\/","url":"https:\/\/dergemmologe.de\/de\/wertarten\/","name":"Wertarten - Gemmologisches Labor","isPartOf":{"@id":"https:\/\/dergemmologe.de\/de\/#website"},"datePublished":"2023-04-04T12:48:21+00:00","dateModified":"2023-04-16T07:04:18+00:00","inLanguage":"de-DE","potentialAction":[{"@type":"ReadAction","target":["https:\/\/dergemmologe.de\/de\/wertarten\/"]}]},{"@type":"WebSite","@id":"https:\/\/dergemmologe.de\/de\/#website","url":"https:\/\/dergemmologe.de\/de\/","name":"Gemmologisches Labor","description":"Timo Laatsch - Gemmologisches Labor","potentialAction":[{"@type":"SearchAction","target":{"@type":"EntryPoint","urlTemplate":"https:\/\/dergemmologe.de\/de\/?s={search_term_string}"},"query-input":{"@type":"PropertyValueSpecification","valueRequired":true,"valueName":"search_term_string"}}],"inLanguage":"de-DE"}]}},"_links":{"self":[{"href":"https:\/\/dergemmologe.de\/de\/wp-json\/wp\/v2\/pages\/174"}],"collection":[{"href":"https:\/\/dergemmologe.de\/de\/wp-json\/wp\/v2\/pages"}],"about":[{"href":"https:\/\/dergemmologe.de\/de\/wp-json\/wp\/v2\/types\/page"}],"author":[{"embeddable":true,"href":"https:\/\/dergemmologe.de\/de\/wp-json\/wp\/v2\/users\/2"}],"replies":[{"embeddable":true,"href":"https:\/\/dergemmologe.de\/de\/wp-json\/wp\/v2\/comments?post=174"}],"version-history":[{"count":8,"href":"https:\/\/dergemmologe.de\/de\/wp-json\/wp\/v2\/pages\/174\/revisions"}],"predecessor-version":[{"id":447,"href":"https:\/\/dergemmologe.de\/de\/wp-json\/wp\/v2\/pages\/174\/revisions\/447"}],"wp:attachment":[{"href":"https:\/\/dergemmologe.de\/de\/wp-json\/wp\/v2\/media?parent=174"}],"curies":[{"name":"wp","href":"https:\/\/api.w.org\/{rel}","templated":true}]}}