{"id":171,"date":"2023-04-04T14:44:13","date_gmt":"2023-04-04T12:44:13","guid":{"rendered":"https:\/\/dergemmologe.de\/de\/?page_id=171"},"modified":"2023-08-07T22:19:46","modified_gmt":"2023-08-07T20:19:46","slug":"preise","status":"publish","type":"page","link":"https:\/\/dergemmologe.de\/de\/preise\/","title":{"rendered":"Preise (netto)"},"content":{"rendered":"\n<h3 class=\"wp-block-heading\">Farbsteine lose\/gefasst<\/h3>\n\n\n\n<p>F\u00fcr einen Befundbericht mit Herkunft (soweit m\u00f6glich) verlange ich f\u00fcr lose\/ungefasste\/gefasste Steine wie Rubine, Saphire, Alexandrit, Smaragd, Demantoid, Tsavolith, Turmalin, Paraiba-Turmalin, Spinell, Spessartin, Jade und Perlen<\/p>\n\n\n\n<ul>\n<li>bis 4,99 ct = 125,00 Euro<br><\/li>\n\n\n\n<li>5,00 bis 9,99 ct = 155,00 Euro<br><\/li>\n\n\n\n<li>\u2265 10,00 ct. = Preis auf Anfrage<\/li>\n<\/ul>\n\n\n\n<h3 class=\"wp-block-heading\">Diamant <\/h3>\n\n\n\n<ul>\n<li>Diamant Befundberichte ab 250,00 Euro<\/li>\n\n\n\n<li>Sie sind individuell mit mir zu besprechen.<\/li>\n<\/ul>\n\n\n\n<h3 class=\"wp-block-heading\">Schmuck<\/h3>\n\n\n\n<ul>\n<li>Schmuck Befundberichte starten bei 250 Euro. <\/li>\n\n\n\n<li>Sie sind individuell mit uns mir besprechen.<\/li>\n<\/ul>\n\n\n\n<h3 class=\"wp-block-heading\">M\u00fcndlicher Bericht<\/h3>\n\n\n\n<ul>\n<li>Ab 65,00 Euro erhalten Sie einen m\u00fcndlichen Bericht.<\/li>\n<\/ul>\n\n\n\n<p><\/p>\n\n\n\n<p>Alle Preise sind zuz\u00fcglich der gesetzlichen MwSt.<\/p>\n","protected":false},"excerpt":{"rendered":"<p>Farbsteine lose\/gefasst F\u00fcr einen Befundbericht mit Herkunft (soweit m\u00f6glich) verlange ich f\u00fcr lose\/ungefasste\/gefasste Steine wie Rubine, Saphire, Alexandrit, Smaragd, Demantoid, Tsavolith, Turmalin, Paraiba-Turmalin, Spinell, Spessartin, Jade und Perlen Diamant Schmuck M\u00fcndlicher Bericht Alle Preise sind zuz\u00fcglich der gesetzlichen MwSt.<\/p>\n","protected":false},"author":2,"featured_media":0,"parent":0,"menu_order":0,"comment_status":"closed","ping_status":"closed","template":"","meta":{"footnotes":""},"yoast_head":"<!-- This site is optimized with the Yoast SEO plugin v23.5 - https:\/\/yoast.com\/wordpress\/plugins\/seo\/ -->\n<title>Preise (netto) - Gemmologisches Labor<\/title>\n<meta name=\"robots\" content=\"index, follow, max-snippet:-1, max-image-preview:large, max-video-preview:-1\" \/>\n<link rel=\"canonical\" href=\"https:\/\/dergemmologe.de\/de\/preise\/\" \/>\n<meta property=\"og:locale\" content=\"de_DE\" \/>\n<meta property=\"og:type\" content=\"article\" \/>\n<meta property=\"og:title\" content=\"Preise (netto) - Gemmologisches Labor\" \/>\n<meta property=\"og:description\" content=\"Farbsteine lose\/gefasst F\u00fcr einen Befundbericht mit Herkunft (soweit m\u00f6glich) verlange ich f\u00fcr lose\/ungefasste\/gefasste Steine wie Rubine, Saphire, Alexandrit, Smaragd, Demantoid, Tsavolith, Turmalin, Paraiba-Turmalin, Spinell, Spessartin, Jade und Perlen Diamant Schmuck M\u00fcndlicher Bericht Alle Preise sind zuz\u00fcglich der gesetzlichen MwSt.\" \/>\n<meta property=\"og:url\" content=\"https:\/\/dergemmologe.de\/de\/preise\/\" \/>\n<meta property=\"og:site_name\" content=\"Gemmologisches Labor\" \/>\n<meta property=\"article:modified_time\" content=\"2023-08-07T20:19:46+00:00\" \/>\n<meta name=\"twitter:card\" content=\"summary_large_image\" \/>\n<meta name=\"twitter:label1\" content=\"Gesch\u00e4tzte Lesezeit\" \/>\n\t<meta name=\"twitter:data1\" content=\"1 Minute\" \/>\n<script type=\"application\/ld+json\" class=\"yoast-schema-graph\">{\"@context\":\"https:\/\/schema.org\",\"@graph\":[{\"@type\":\"WebPage\",\"@id\":\"https:\/\/dergemmologe.de\/de\/preise\/\",\"url\":\"https:\/\/dergemmologe.de\/de\/preise\/\",\"name\":\"Preise (netto) - Gemmologisches Labor\",\"isPartOf\":{\"@id\":\"https:\/\/dergemmologe.de\/de\/#website\"},\"datePublished\":\"2023-04-04T12:44:13+00:00\",\"dateModified\":\"2023-08-07T20:19:46+00:00\",\"inLanguage\":\"de-DE\",\"potentialAction\":[{\"@type\":\"ReadAction\",\"target\":[\"https:\/\/dergemmologe.de\/de\/preise\/\"]}]},{\"@type\":\"WebSite\",\"@id\":\"https:\/\/dergemmologe.de\/de\/#website\",\"url\":\"https:\/\/dergemmologe.de\/de\/\",\"name\":\"Gemmologisches Labor\",\"description\":\"Timo Laatsch - Gemmologisches Labor\",\"potentialAction\":[{\"@type\":\"SearchAction\",\"target\":{\"@type\":\"EntryPoint\",\"urlTemplate\":\"https:\/\/dergemmologe.de\/de\/?s={search_term_string}\"},\"query-input\":{\"@type\":\"PropertyValueSpecification\",\"valueRequired\":true,\"valueName\":\"search_term_string\"}}],\"inLanguage\":\"de-DE\"}]}<\/script>\n<!-- \/ Yoast SEO plugin. -->","yoast_head_json":{"title":"Preise (netto) - Gemmologisches Labor","robots":{"index":"index","follow":"follow","max-snippet":"max-snippet:-1","max-image-preview":"max-image-preview:large","max-video-preview":"max-video-preview:-1"},"canonical":"https:\/\/dergemmologe.de\/de\/preise\/","og_locale":"de_DE","og_type":"article","og_title":"Preise (netto) - Gemmologisches Labor","og_description":"Farbsteine lose\/gefasst F\u00fcr einen Befundbericht mit Herkunft (soweit m\u00f6glich) verlange ich f\u00fcr lose\/ungefasste\/gefasste Steine wie Rubine, Saphire, Alexandrit, Smaragd, Demantoid, Tsavolith, Turmalin, Paraiba-Turmalin, Spinell, Spessartin, Jade und Perlen Diamant Schmuck M\u00fcndlicher Bericht Alle Preise sind zuz\u00fcglich der gesetzlichen MwSt.","og_url":"https:\/\/dergemmologe.de\/de\/preise\/","og_site_name":"Gemmologisches Labor","article_modified_time":"2023-08-07T20:19:46+00:00","twitter_card":"summary_large_image","twitter_misc":{"Gesch\u00e4tzte Lesezeit":"1 Minute"},"schema":{"@context":"https:\/\/schema.org","@graph":[{"@type":"WebPage","@id":"https:\/\/dergemmologe.de\/de\/preise\/","url":"https:\/\/dergemmologe.de\/de\/preise\/","name":"Preise (netto) - Gemmologisches Labor","isPartOf":{"@id":"https:\/\/dergemmologe.de\/de\/#website"},"datePublished":"2023-04-04T12:44:13+00:00","dateModified":"2023-08-07T20:19:46+00:00","inLanguage":"de-DE","potentialAction":[{"@type":"ReadAction","target":["https:\/\/dergemmologe.de\/de\/preise\/"]}]},{"@type":"WebSite","@id":"https:\/\/dergemmologe.de\/de\/#website","url":"https:\/\/dergemmologe.de\/de\/","name":"Gemmologisches Labor","description":"Timo Laatsch - Gemmologisches Labor","potentialAction":[{"@type":"SearchAction","target":{"@type":"EntryPoint","urlTemplate":"https:\/\/dergemmologe.de\/de\/?s={search_term_string}"},"query-input":{"@type":"PropertyValueSpecification","valueRequired":true,"valueName":"search_term_string"}}],"inLanguage":"de-DE"}]}},"_links":{"self":[{"href":"https:\/\/dergemmologe.de\/de\/wp-json\/wp\/v2\/pages\/171"}],"collection":[{"href":"https:\/\/dergemmologe.de\/de\/wp-json\/wp\/v2\/pages"}],"about":[{"href":"https:\/\/dergemmologe.de\/de\/wp-json\/wp\/v2\/types\/page"}],"author":[{"embeddable":true,"href":"https:\/\/dergemmologe.de\/de\/wp-json\/wp\/v2\/users\/2"}],"replies":[{"embeddable":true,"href":"https:\/\/dergemmologe.de\/de\/wp-json\/wp\/v2\/comments?post=171"}],"version-history":[{"count":21,"href":"https:\/\/dergemmologe.de\/de\/wp-json\/wp\/v2\/pages\/171\/revisions"}],"predecessor-version":[{"id":668,"href":"https:\/\/dergemmologe.de\/de\/wp-json\/wp\/v2\/pages\/171\/revisions\/668"}],"wp:attachment":[{"href":"https:\/\/dergemmologe.de\/de\/wp-json\/wp\/v2\/media?parent=171"}],"curies":[{"name":"wp","href":"https:\/\/api.w.org\/{rel}","templated":true}]}}